{"id":133609,"date":"2018-03-18T12:59:13","date_gmt":"2018-03-18T15:59:13","guid":{"rendered":"https:\/\/www.mobilegamer.com.br\/politica-de-privacidade"},"modified":"2024-11-21T21:54:20","modified_gmt":"2024-11-22T00:54:20","slug":"politica-de-privacidade","status":"publish","type":"page","link":"https:\/\/www.mobilegamer.com.br\/pt-pt\/politica-de-privacidade","title":{"rendered":"Pol\u00edtica de Privacidade"},"content":{"rendered":"<p><strong>Mobile Gamer<\/strong> opera o site e os aplicativos para dispositivos Android <strong>Jogos Offline<\/strong> e <strong>Mobile Gamer &#8211; Not\u00edcias de Jogos Android<\/strong> (o &#8220;Servi\u00e7o&#8221;). Esta Pol\u00edtica de Privacidade explica como coletamos, usamos e protegemos suas informa\u00e7\u00f5es pessoais em conformidade com a Lei Geral de Prote\u00e7\u00e3o de Dados (LGPD) e o Regulamento Geral de Prote\u00e7\u00e3o de Dados (GDPR).<\/p>\n<h3><\/h3>\n<h2><strong>Quem somos<\/strong><\/h2>\n<ul>\n<li>Nome da organiza\u00e7\u00e3o: <strong>Mobile Gamer<\/strong><\/li>\n<li>URL do site: <a href=\"https:\/\/www.mobilegamer.com.br\" target=\"_new\" rel=\"noopener\">https:\/\/www.mobilegamer.com.br<\/a><\/li>\n<li>Respons\u00e1vel pela prote\u00e7\u00e3o de dados (DPO): <strong>D\u00e1rio Jos\u00e9 Martins Coutinho<\/strong><\/li>\n<li>Contato do DPO: <strong><a rel=\"noopener\">dario@mobilegamer.com.br<\/a><\/strong><\/li>\n<\/ul>\n<p>&nbsp;<\/p>\n<p>Esta p\u00e1gina informa sobre nossas pol\u00edticas relativas \u00e0 coleta, uso e divulga\u00e7\u00e3o de dados pessoais quando voc\u00ea usa nosso Servi\u00e7o e as op\u00e7\u00f5es que voc\u00ea associou a esses dados. Nossa Pol\u00edtica de Privacidade \u00e9 gerenciada atrav\u00e9s de <a href=\"https:\/\/www.freeprivacypolicy.com\/free-privacy-policy-generator.php\">Free Privacy Policy<\/a>.<\/p>\n<p>Usamos seus dados para fornecer e melhorar o servi\u00e7o. Ao usar o Servi\u00e7o, voc\u00ea concorda com a coleta e uso de informa\u00e7\u00f5es de acordo com esta pol\u00edtica. A menos que definido de outra forma nesta Pol\u00edtica de Privacidade, os termos usados nesta Pol\u00edtica de Privacidade t\u00eam os mesmos significados que em nossos Termos e Condi\u00e7\u00f5es.<\/p>\n<p>&nbsp;<\/p>\n<div id=\"privacy-settings-accordion-block-wordpress\" class=\"privacy-settings-accordion-panel privacy-text-box-body hide-privacy-policy-tutorial\">\n<h2>Coment\u00e1rios<\/h2>\n<p>Quando os visitantes deixam coment\u00e1rios no site, coletamos os dados mostrados no formul\u00e1rio de coment\u00e1rios, al\u00e9m do endere\u00e7o de IP e de dados do navegador do visitante, para auxiliar na detec\u00e7\u00e3o de spam.<\/p>\n<p>Uma sequ\u00eancia anonimizada de caracteres criada a partir do seu e-mail (tamb\u00e9m chamada de hash) poder\u00e1 ser enviada para o Gravatar para verificar se voc\u00ea usa o servi\u00e7o. A pol\u00edtica de privacidade do Gravatar est\u00e1 dispon\u00edvel aqui: https:\/\/automattic.com\/privacy\/. Depois da aprova\u00e7\u00e3o do seu coment\u00e1rio, a foto do seu perfil fica vis\u00edvel publicamente junto de seu coment\u00e1rio.<\/p>\n<h2>M\u00eddia<\/h2>\n<p>Se voc\u00ea envia imagens para o site, evite enviar as que contenham dados de localiza\u00e7\u00e3o incorporados (EXIF GPS). Visitantes podem baixar estas imagens do site e extrair delas seus dados de localiza\u00e7\u00e3o.<\/p>\n<h2>Cookies<\/h2>\n<p>Ao deixar um coment\u00e1rio no site, voc\u00ea poder\u00e1 optar por salvar seu nome, e-mail e site nos cookies. Isso visa seu conforto, assim voc\u00ea n\u00e3o precisar\u00e1 preencher seus dados novamente quando fizer outro coment\u00e1rio. Estes cookies duram um ano.<\/p>\n<p>Se voc\u00ea tem uma conta e acessa este site, um cookie tempor\u00e1rio ser\u00e1 criado para determinar se seu navegador aceita cookies. Ele n\u00e3o cont\u00e9m nenhum dado pessoal e ser\u00e1 descartado quando voc\u00ea fechar seu navegador.<\/p>\n<p>Quando voc\u00ea acessa sua conta no site, tamb\u00e9m criamos v\u00e1rios cookies para salvar os dados da sua conta e suas escolhas de exibi\u00e7\u00e3o de tela. Cookies de login s\u00e3o mantidos por dois dias e cookies de op\u00e7\u00f5es de tela por um ano. Se voc\u00ea selecionar &#8220;Lembrar-me&#8221;, seu acesso ser\u00e1 mantido por duas semanas. Se voc\u00ea se desconectar da sua conta, os cookies de login ser\u00e3o removidos.<\/p>\n<p>Se voc\u00ea editar ou publicar um artigo, um cookie adicional ser\u00e1 salvo no seu navegador. Este cookie n\u00e3o inclui nenhum dado pessoal e simplesmente indica o ID do post referente ao artigo que voc\u00ea acabou de editar. Ele expira depois de 1 dia.<\/p>\n<h2>M\u00eddia incorporada de outros sites<\/h2>\n<p>Artigos neste site podem incluir conte\u00fado incorporado como, por exemplo, v\u00eddeos, imagens, artigos, etc. Conte\u00fados incorporados de outros sites se comportam exatamente da mesma forma como se o visitante estivesse visitando o outro site.<\/p>\n<p>Estes sites podem coletar dados sobre voc\u00ea, usar cookies, incorporar rastreamento adicional de terceiros e monitorar sua intera\u00e7\u00e3o com este conte\u00fado incorporado, incluindo sua intera\u00e7\u00e3o com o conte\u00fado incorporado se voc\u00ea tem uma conta e est\u00e1 conectado com o site.<\/p>\n<h2>Com quem compartilhamos seus dados<\/h2>\n<p class=\"privacy-policy-tutorial\">Por padr\u00e3o, o Mobile Gamer n\u00e3o compartilha quaisquer dados pessoais.<\/p>\n<h2>Por quanto tempo mantemos os seus dados<\/h2>\n<p>Se voc\u00ea deixar um coment\u00e1rio, o coment\u00e1rio e os seus metadados s\u00e3o conservados indefinidamente. Fazemos isso para que seja poss\u00edvel reconhecer e aprovar automaticamente qualquer coment\u00e1rio posterior ao inv\u00e9s de ret\u00ea-lo para modera\u00e7\u00e3o.<\/p>\n<p>Para usu\u00e1rios que se registram no nosso site (se houver), tamb\u00e9m guardamos as informa\u00e7\u00f5es pessoais que fornecem no seu perfil de usu\u00e1rio. Todos os usu\u00e1rios podem ver, editar ou excluir suas informa\u00e7\u00f5es pessoais a qualquer momento (s\u00f3 n\u00e3o \u00e9 poss\u00edvel alterar o seu username). Os administradores de sites tamb\u00e9m podem ver e editar estas informa\u00e7\u00f5es.<\/p>\n<h2>Quais os seus direitos sobre seus dados<\/h2>\n<p>Se voc\u00ea tiver uma conta neste site ou se tiver deixado coment\u00e1rios, pode solicitar um arquivo exportado dos dados pessoais que mantemos sobre voc\u00ea, inclusive quaisquer dados que nos tenha fornecido. Tamb\u00e9m pode solicitar que removamos qualquer dado pessoal que mantemos sobre voc\u00ea. Isto n\u00e3o inclui nenhuns dados que somos obrigados a manter para prop\u00f3sitos administrativos, legais ou de seguran\u00e7a.<\/p>\n<h2>Para onde seus dados s\u00e3o enviados<\/h2>\n<p>Coment\u00e1rios de visitantes podem ser marcados por um servi\u00e7o autom\u00e1tico de detec\u00e7\u00e3o de spam.<\/p>\n<div class=\"privacy-settings-accordion-actions\"><\/div>\n<\/div>\n<h2>Coleta e Uso de Informa\u00e7\u00f5es<\/h2>\n<p>Coletamos v\u00e1rios tipos diferentes de informa\u00e7\u00f5es para v\u00e1rias finalidades para fornecer e melhorar nosso Servi\u00e7o para voc\u00ea.<\/p>\n<h3>Tipos de dados coletados<\/h3>\n<h4>Dados pessoais<\/h4>\n<p>Ao usar nosso Servi\u00e7o, podemos solicitar que voc\u00ea nos forne\u00e7a algumas informa\u00e7\u00f5es pessoais identific\u00e1veis que podem ser usadas para contat\u00e1-lo ou identific\u00e1-lo (&#8220;Dados Pessoais&#8221;). Informa\u00e7\u00f5es pessoalmente identific\u00e1veis podem incluir, mas n\u00e3o est\u00e3o limitadas a:<\/p>\n<ul>\n<li>Cookies e Dados de Uso<\/li>\n<\/ul>\n<h4>Dados de uso<\/h4>\n<p>Tamb\u00e9m podemos coletar informa\u00e7\u00f5es que seu navegador envia sempre que voc\u00ea visita nosso Servi\u00e7o ou quando voc\u00ea acessa o Servi\u00e7o por ou atrav\u00e9s de um dispositivo m\u00f3vel (&#8220;Dados de Uso&#8221;).<\/p>\n<p>Esses Dados de Uso podem incluir informa\u00e7\u00f5es como o endere\u00e7o IP do seu computador (por exemplo, endere\u00e7o IP), tipo de navegador, vers\u00e3o do navegador, as p\u00e1ginas do nosso Servi\u00e7o que voc\u00ea visita, a hora e data de sua visita, o tempo gasto nessas p\u00e1ginas identificadores de dispositivos e outros dados de diagn\u00f3stico.<\/p>\n<p>Quando voc\u00ea acessa o Servi\u00e7o por ou atrav\u00e9s de um dispositivo m\u00f3vel, esses Dados de uso podem incluir informa\u00e7\u00f5es como o tipo de dispositivo m\u00f3vel usado, o ID exclusivo do dispositivo m\u00f3vel, o endere\u00e7o IP do dispositivo m\u00f3vel, o sistema operacional do celular, o tipo de navegador de Internet m\u00f3vel que voc\u00ea usa, identificadores de dispositivo exclusivos e outros dados de diagn\u00f3stico.<\/p>\n<h4>Rastreamento e dados de cookies<\/h4>\n<p>Usamos cookies e tecnologias de rastreamento semelhantes para rastrear a atividade em nosso Servi\u00e7o e manter certas informa\u00e7\u00f5es.<\/p>\n<p>Cookies s\u00e3o arquivos com pequena quantidade de dados que podem incluir um identificador exclusivo an\u00f4nimo. Os cookies s\u00e3o enviados para o seu navegador a partir de um site e armazenados no seu dispositivo. As tecnologias de rastreamento tamb\u00e9m usadas s\u00e3o beacons, tags e scripts para coletar e rastrear informa\u00e7\u00f5es e para melhorar e analisar nosso Servi\u00e7o.<\/p>\n<p>Voc\u00ea pode instruir o seu navegador para recusar todos os cookies ou para indicar quando um cookie est\u00e1 sendo enviado. No entanto, se voc\u00ea n\u00e3o aceitar cookies, talvez n\u00e3o consiga usar algumas partes de nosso Servi\u00e7o.<\/p>\n<p>Exemplos de cookies que usamos:<\/p>\n<ul>\n<li><strong>Cookies de sess\u00e3o.<\/strong> Usamos cookies de sess\u00e3o para operar nosso servi\u00e7o.<\/li>\n<li><strong>Cookies preferenciais.<\/strong> Usamos Cookies preferenciais para lembrar suas prefer\u00eancias e v\u00e1rias configura\u00e7\u00f5es.<\/li>\n<li><strong>Cookies de seguran\u00e7a.<\/strong> N\u00f3s usamos cookies de seguran\u00e7a para fins de seguran\u00e7a.<\/li>\n<\/ul>\n<h2>Uso de dados<\/h2>\n<p>Os aplicativos Jogos Offline e Mobile Gamer usam os dados coletados para v\u00e1rias finalidades:<\/p>\n<ul>\n<li>Para fornecer e manter o servi\u00e7o<\/li>\n<li>Para notific\u00e1-lo sobre altera\u00e7\u00f5es no nosso servi\u00e7o<\/li>\n<li>Para permitir que voc\u00ea participe de recursos interativos de nosso Servi\u00e7o ao optar por faz\u00ea-lo<\/li>\n<li>Para fornecer atendimento ao cliente e suporte<\/li>\n<li>Para fornecer an\u00e1lises ou informa\u00e7\u00f5es valiosas para que possamos melhorar o servi\u00e7o<\/li>\n<li>Para monitorar o uso do servi\u00e7o<\/li>\n<li>Para detectar, prevenir e resolver problemas t\u00e9cnicos<\/li>\n<\/ul>\n<h2>Transfer\u00eancia de dados<\/h2>\n<p>Suas informa\u00e7\u00f5es, incluindo Dados Pessoais, podem ser transferidas para &#8211; e mantidas em &#8211; computadores localizados fora do seu estado, prov\u00edncia, pa\u00eds ou outra jurisdi\u00e7\u00e3o governamental, onde as leis de prote\u00e7\u00e3o de dados podem ser diferentes das da sua jurisdi\u00e7\u00e3o.<\/p>\n<p>Se voc\u00ea estiver localizado fora do Brasil e optar por nos fornecer informa\u00e7\u00f5es, observe que transferimos os dados, incluindo os Dados Pessoais, para o Brasil e os processamos l\u00e1.<\/p>\n<p>O seu consentimento para com esta Pol\u00edtica de Privacidade, seguido pelo envio de tais informa\u00e7\u00f5es, representa sua concord\u00e2ncia com essa transfer\u00eancia.<\/p>\n<p>O Jogos Offline e Mobile Gamer tomar\u00e1 todas as medidas razoavelmente necess\u00e1rias para garantir que seus dados sejam tratados com seguran\u00e7a e de acordo com esta Pol\u00edtica de Privacidade e nenhuma transfer\u00eancia de seus Dados Pessoais ser\u00e1 realizada para uma organiza\u00e7\u00e3o ou pa\u00eds, a menos que haja controles adequados, incluindo a seguran\u00e7a de seus dados e outras informa\u00e7\u00f5es pessoais.<\/p>\n<h2>Divulga\u00e7\u00e3o de Dados<\/h2>\n<h3>Requerimentos legais<\/h3>\n<p>Jogos Offline e Mobile Gamer podem divulgar seus dados pessoais na cren\u00e7a de boa f\u00e9 que tal a\u00e7\u00e3o \u00e9 necess\u00e1ria para:<\/p>\n<ul>\n<li>Para cumprir uma obriga\u00e7\u00e3o legal<\/li>\n<li>Para proteger e defender os direitos ou propriedade de Jogos Offline e Mobile Gamer<\/li>\n<li>Para proteger e defender os direitos ou propriedade de Jogos Offline&#8230;<\/li>\n<li>Para proteger a seguran\u00e7a pessoal dos usu\u00e1rios do Servi\u00e7o ou do p\u00fablico<\/li>\n<li>Para proteger contra responsabilidade legal<\/li>\n<\/ul>\n<h2>Seguran\u00e7a de dados<\/h2>\n<p>A seguran\u00e7a dos seus dados \u00e9 importante para n\u00f3s, mas lembre-se de que nenhum m\u00e9todo de transmiss\u00e3o pela Internet ou m\u00e9todo de armazenamento eletr\u00f4nico \u00e9 100% seguro. Embora nos esforcemos para usar meios comercialmente aceit\u00e1veis para proteger seus dados pessoais, n\u00e3o podemos garantir sua seguran\u00e7a absoluta.<\/p>\n<h2>Provedores de servi\u00e7os<\/h2>\n<p>Podemos empregar empresas e indiv\u00edduos terceirizados para facilitar o nosso Servi\u00e7o (&#8220;Prestadores de Servi\u00e7os&#8221;), para fornecer o Servi\u00e7o em nosso nome, para executar servi\u00e7os relacionados ao Servi\u00e7o ou para nos auxiliar na an\u00e1lise de como nosso Servi\u00e7o \u00e9 utilizado.<\/p>\n<p>Esses terceiros t\u00eam acesso aos seus Dados Pessoais somente para realizar essas tarefas em nosso nome e s\u00e3o obrigados a n\u00e3o divulg\u00e1-los ou us\u00e1-los para qualquer outra finalidade.<\/p>\n<h3>Analytics<\/h3>\n<p>Podemos usar prestadores de servi\u00e7os terceirizados para monitorar e analisar o uso de nosso servi\u00e7o.<\/p>\n<ul>\n<li><strong>Google Analytics <\/strong>O Google Analytics \u00e9 um servi\u00e7o de an\u00e1lise da web oferecido pelo Google que rastreia e relata o tr\u00e1fego do website e aplicativo. O Google usa os dados coletados para rastrear e monitorar o uso do nosso servi\u00e7o. Esses dados s\u00e3o compartilhados com outros servi\u00e7os do Google. O Google pode usar os dados coletados para contextualizar e personalizar os an\u00fancios de sua pr\u00f3pria rede de publicidade.Para mais informa\u00e7\u00f5es sobre as pr\u00e1ticas de privacidade do Google, visite a p\u00e1gina da web Privacidade e Termos do Google: <a href=\"https:\/\/policies.google.com\/privacy?hl=en\">https:\/\/policies.google.com\/privacy?hl=en<\/a><\/li>\n<\/ul>\n<h2>Links para outros sites<\/h2>\n<p>Nosso Servi\u00e7o pode conter links para outros sites que n\u00e3o s\u00e3o operados por n\u00f3s. Se voc\u00ea clicar em um link de terceiros, voc\u00ea ser\u00e1 direcionado para o site de terceiros. Recomendamos vivamente que reveja a Pol\u00edtica de Privacidade de todos os sites que visita.<\/p>\n<p>N\u00e3o temos controle e n\u00e3o assumimos nenhuma responsabilidade pelo conte\u00fado, pol\u00edticas de privacidade ou pr\u00e1ticas de quaisquer sites ou servi\u00e7os de terceiros.<\/p>\n<h2>Privacidade das crian\u00e7as<\/h2>\n<p>Nosso Servi\u00e7o n\u00e3o atende a menores de 13 anos (&#8220;Filhos&#8221;).<\/p>\n<p>N\u00e3o coletamos intencionalmente informa\u00e7\u00f5es de identifica\u00e7\u00e3o pessoal de menores de 13 anos. Se voc\u00ea \u00e9 pai \/ m\u00e3e ou respons\u00e1vel legal e est\u00e1 ciente de que seus filhos nos forneceram dados pessoais, entre em contato conosco. Se ficarmos cientes de que coletamos dados pessoais de crian\u00e7as sem a verifica\u00e7\u00e3o do consentimento dos pais, tomamos medidas para remover essas informa\u00e7\u00f5es de nossos servidores.<\/p>\n<h2>Altera\u00e7\u00f5es a esta pol\u00edtica de privacidade<\/h2>\n<p>Podemos atualizar nossa Pol\u00edtica de Privacidade de tempos em tempos. Vamos notific\u00e1-lo de quaisquer altera\u00e7\u00f5es, publicando a nova Pol\u00edtica de Privacidade nesta p\u00e1gina.<\/p>\n<p>Avisaremos voc\u00ea por e-mail e \/ ou um aviso proeminente em nosso Servi\u00e7o antes que a altera\u00e7\u00e3o entre em vigor e atualize a &#8220;data efetiva&#8221; na parte superior desta Pol\u00edtica de Privacidade.<\/p>\n<p>Recomenda-se que voc\u00ea revise esta Pol\u00edtica de Privacidade periodicamente para quaisquer altera\u00e7\u00f5es. Altera\u00e7\u00f5es a esta Pol\u00edtica de Privacidade s\u00e3o eficazes quando s\u00e3o publicadas nesta p\u00e1gina.<\/p>\n<h2>Contate-nos<\/h2>\n<p>Se voc\u00ea tiver alguma d\u00favida sobre esta Pol\u00edtica de Privacidade, entre em contato conosco:<\/p>\n<ul>\n<li>Por email: contato.mobilegamerbrasil@gmail.com<\/li>\n<\/ul>\n","protected":false},"excerpt":{"rendered":"<p>Mobile Gamer opera o site e os aplicativos para dispositivos Android Jogos Offline e Mobile Gamer &#8211; Not\u00edcias de Jogos Android (o &#8220;Servi\u00e7o&#8221;). E&#8230; <a href=\"https:\/\/www.mobilegamer.com.br\/pt-pt\/politica-de-privacidade\">[Ler mais]<\/a><\/p>\n","protected":false},"author":15,"featured_media":0,"parent":0,"menu_order":0,"comment_status":"closed","ping_status":"closed","template":"","meta":{"googlesitekit_rrm_CAown4j_Cg:productID":"","footnotes":""},"categories":[],"tags":[],"class_list":["post-133609","page","type-page","status-publish"],"yoast_head":"<!-- This site is optimized with the Yoast SEO plugin v27.5 - https:\/\/yoast.com\/product\/yoast-seo-wordpress\/ -->\n<title>Pol\u00edtica de Privacidade<\/title>\n<meta name=\"description\" content=\"Mobile Gamer opera o site e os aplicativos para dispositivos Android Jogos Offline e Mobile Gamer - Not\u00edcias de Jogos Android (o &quot;Servi\u00e7o&quot;). Esta Pol\u00edtica\" \/>\n<meta name=\"robots\" content=\"index, follow, max-snippet:-1, max-image-preview:large, max-video-preview:-1\" \/>\n<link rel=\"canonical\" href=\"https:\/\/www.mobilegamer.com.br\/pt-pt\/politica-de-privacidade\" \/>\n<meta property=\"og:locale\" content=\"pt_PT\" \/>\n<meta property=\"og:type\" content=\"article\" \/>\n<meta property=\"og:title\" content=\"Pol\u00edtica de Privacidade\" \/>\n<meta property=\"og:description\" content=\"Mobile Gamer opera o site e os aplicativos para dispositivos Android Jogos Offline e Mobile Gamer - Not\u00edcias de Jogos Android (o &quot;Servi\u00e7o&quot;). Esta Pol\u00edtica\" \/>\n<meta property=\"og:url\" content=\"https:\/\/www.mobilegamer.com.br\/pt-pt\/politica-de-privacidade\" \/>\n<meta property=\"og:site_name\" content=\"Mobile Gamer Brasil \u2013 Jogos Celular Android e iOS\" \/>\n<meta property=\"article:publisher\" content=\"https:\/\/www.facebook.com\/pages\/Mobile-Gamer-Brasil\/209172605804121\" \/>\n<meta property=\"article:modified_time\" content=\"2024-11-22T00:54:20+00:00\" \/>\n<meta name=\"twitter:card\" content=\"summary_large_image\" \/>\n<meta name=\"twitter:site\" content=\"@mobilegamerbr\" \/>\n<!-- \/ Yoast SEO plugin. -->","yoast_head_json":{"title":"Pol\u00edtica de Privacidade","description":"Mobile Gamer opera o site e os aplicativos para dispositivos Android Jogos Offline e Mobile Gamer - Not\u00edcias de Jogos Android (o \"Servi\u00e7o\"). Esta Pol\u00edtica","robots":{"index":"index","follow":"follow","max-snippet":"max-snippet:-1","max-image-preview":"max-image-preview:large","max-video-preview":"max-video-preview:-1"},"canonical":"https:\/\/www.mobilegamer.com.br\/pt-pt\/politica-de-privacidade","og_locale":"pt_PT","og_type":"article","og_title":"Pol\u00edtica de Privacidade","og_description":"Mobile Gamer opera o site e os aplicativos para dispositivos Android Jogos Offline e Mobile Gamer - Not\u00edcias de Jogos Android (o \"Servi\u00e7o\"). Esta Pol\u00edtica","og_url":"https:\/\/www.mobilegamer.com.br\/pt-pt\/politica-de-privacidade","og_site_name":"Mobile Gamer Brasil \u2013 Jogos Celular Android e iOS","article_publisher":"https:\/\/www.facebook.com\/pages\/Mobile-Gamer-Brasil\/209172605804121","article_modified_time":"2024-11-22T00:54:20+00:00","twitter_card":"summary_large_image","twitter_site":"@mobilegamerbr","schema":{"@context":"https:\/\/schema.org","@graph":[{"@type":"Article","@id":"https:\/\/www.mobilegamer.com.br\/pt-pt\/politica-de-privacidade#article","isPartOf":{"@id":"https:\/\/www.mobilegamer.com.br\/pt-pt\/politica-de-privacidade"},"author":{"name":"Dario Coutinho","@id":"https:\/\/www.mobilegamer.com.br\/pt-pt#\/schema\/person\/976e425f91280f39c07a955e8a789e24"},"headline":"Pol\u00edtica de Privacidade","datePublished":"2018-03-18T15:59:13+00:00","dateModified":"2024-11-22T00:54:20+00:00","mainEntityOfPage":{"@id":"https:\/\/www.mobilegamer.com.br\/pt-pt\/politica-de-privacidade"},"wordCount":2188,"publisher":{"@id":"https:\/\/www.mobilegamer.com.br\/pt-pt#organization"},"inLanguage":"pt-PT"},{"@type":"WebPage","@id":"https:\/\/www.mobilegamer.com.br\/pt-pt\/politica-de-privacidade","url":"https:\/\/www.mobilegamer.com.br\/pt-pt\/politica-de-privacidade","name":"Pol\u00edtica de Privacidade","isPartOf":{"@id":"https:\/\/www.mobilegamer.com.br\/pt-pt#website"},"datePublished":"2018-03-18T15:59:13+00:00","dateModified":"2024-11-22T00:54:20+00:00","description":"Mobile Gamer opera o site e os aplicativos para dispositivos Android Jogos Offline e Mobile Gamer - Not\u00edcias de Jogos Android (o \"Servi\u00e7o\"). Esta Pol\u00edtica","breadcrumb":{"@id":"https:\/\/www.mobilegamer.com.br\/pt-pt\/politica-de-privacidade#breadcrumb"},"inLanguage":"pt-PT","potentialAction":[{"@type":"ReadAction","target":["https:\/\/www.mobilegamer.com.br\/pt-pt\/politica-de-privacidade"]}]},{"@type":"BreadcrumbList","@id":"https:\/\/www.mobilegamer.com.br\/pt-pt\/politica-de-privacidade#breadcrumb","itemListElement":[{"@type":"ListItem","position":1,"name":"In\u00edcio","item":"https:\/\/www.mobilegamer.com.br\/pt-pt"},{"@type":"ListItem","position":2,"name":"Pol\u00edtica de Privacidade"}]},{"@type":"WebSite","@id":"https:\/\/www.mobilegamer.com.br\/pt-pt#website","url":"https:\/\/www.mobilegamer.com.br\/pt-pt","name":"Mobile Gamer Brasil","description":"Site dedicado aos jogos de celular. Android e iOS. Descubra novos lan\u00e7amentos, os melhores jogos e reviews completos no Mobile Gamer Brasil.","publisher":{"@id":"https:\/\/www.mobilegamer.com.br\/pt-pt#organization"},"alternateName":"Mobile Gamer Brasil","potentialAction":[{"@type":"SearchAction","target":{"@type":"EntryPoint","urlTemplate":"https:\/\/www.mobilegamer.com.br\/pt-pt?s={search_term_string}"},"query-input":{"@type":"PropertyValueSpecification","valueRequired":true,"valueName":"search_term_string"}}],"inLanguage":"pt-PT"},{"@type":"Organization","@id":"https:\/\/www.mobilegamer.com.br\/pt-pt#organization","name":"Mobile Gamer Brasil","alternateName":"Mobile Gamer Brasil","url":"https:\/\/www.mobilegamer.com.br\/pt-pt","logo":{"@type":"ImageObject","inLanguage":"pt-PT","@id":"https:\/\/www.mobilegamer.com.br\/pt-pt#\/schema\/logo\/image\/","url":"https:\/\/www.mobilegamer.com.br\/wp-content\/uploads\/2026\/04\/cropped-logo-2026-mobilegamer.webp","contentUrl":"https:\/\/www.mobilegamer.com.br\/wp-content\/uploads\/2026\/04\/cropped-logo-2026-mobilegamer.webp","width":326,"height":60,"caption":"Mobile Gamer Brasil"},"image":{"@id":"https:\/\/www.mobilegamer.com.br\/pt-pt#\/schema\/logo\/image\/"},"sameAs":["https:\/\/www.facebook.com\/pages\/Mobile-Gamer-Brasil\/209172605804121","https:\/\/x.com\/mobilegamerbr","https:\/\/www.youtube.com\/user\/mobilegamervideos\/videos"]},{"@type":"Person","@id":"https:\/\/www.mobilegamer.com.br\/pt-pt#\/schema\/person\/976e425f91280f39c07a955e8a789e24","name":"Dario Coutinho","image":{"@type":"ImageObject","inLanguage":"pt-PT","@id":"https:\/\/secure.gravatar.com\/avatar\/2b9d2e92a3bb6c37c4896f7dea46b2ff54261a7713553663146826995fdf8495?s=96&d=mm&r=g","url":"https:\/\/secure.gravatar.com\/avatar\/2b9d2e92a3bb6c37c4896f7dea46b2ff54261a7713553663146826995fdf8495?s=96&d=mm&r=g","contentUrl":"https:\/\/secure.gravatar.com\/avatar\/2b9d2e92a3bb6c37c4896f7dea46b2ff54261a7713553663146826995fdf8495?s=96&d=mm&r=g","caption":"Dario Coutinho"},"description":"O \"Gamer de Celular\" Original. Criou um dos primeiros sites sobre jogos para celular em 2007, que viria a se tornar o Mobile Gamer Brasil em 2009. Formado em Ci\u00eancia da Computa\u00e7\u00e3o, escreve sobre tecnologia h\u00e1 mais de 16 anos. Com passagem por revistas de games (EGW, Arkade) e sites renomados como Techtudo. E-mail para contato: dario@mobilegamer.com.br","sameAs":["https:\/\/www.facebook.com\/dariojmcoutinho","https:\/\/www.linkedin.com\/in\/dario-jose-martins-coutinho-18511b46\/","https:\/\/x.com\/https:\/\/x.com\/GamerVelho","https:\/\/www.youtube.com\/dariocoutinho"],"url":"https:\/\/www.mobilegamer.com.br\/pt-pt\/author\/dariocoutinho"}]}},"_links":{"self":[{"href":"https:\/\/www.mobilegamer.com.br\/pt-pt\/wp-json\/wp\/v2\/pages\/133609","targetHints":{"allow":["GET"]}}],"collection":[{"href":"https:\/\/www.mobilegamer.com.br\/pt-pt\/wp-json\/wp\/v2\/pages"}],"about":[{"href":"https:\/\/www.mobilegamer.com.br\/pt-pt\/wp-json\/wp\/v2\/types\/page"}],"author":[{"embeddable":true,"href":"https:\/\/www.mobilegamer.com.br\/pt-pt\/wp-json\/wp\/v2\/users\/15"}],"replies":[{"embeddable":true,"href":"https:\/\/www.mobilegamer.com.br\/pt-pt\/wp-json\/wp\/v2\/comments?post=133609"}],"version-history":[{"count":1,"href":"https:\/\/www.mobilegamer.com.br\/pt-pt\/wp-json\/wp\/v2\/pages\/133609\/revisions"}],"predecessor-version":[{"id":133615,"href":"https:\/\/www.mobilegamer.com.br\/pt-pt\/wp-json\/wp\/v2\/pages\/133609\/revisions\/133615"}],"wp:attachment":[{"href":"https:\/\/www.mobilegamer.com.br\/pt-pt\/wp-json\/wp\/v2\/media?parent=133609"}],"wp:term":[{"taxonomy":"category","embeddable":true,"href":"https:\/\/www.mobilegamer.com.br\/pt-pt\/wp-json\/wp\/v2\/categories?post=133609"},{"taxonomy":"post_tag","embeddable":true,"href":"https:\/\/www.mobilegamer.com.br\/pt-pt\/wp-json\/wp\/v2\/tags?post=133609"}],"curies":[{"name":"wp","href":"https:\/\/api.w.org\/{rel}","templated":true}]}}