{"id":154143,"date":"2026-05-12T15:16:59","date_gmt":"2026-05-12T18:16:59","guid":{"rendered":"https:\/\/www.mobilegamer.com.br\/?page_id=154143"},"modified":"2026-05-12T15:17:44","modified_gmt":"2026-05-12T18:17:44","slug":"hack-ff-mod-menu","status":"publish","type":"page","link":"https:\/\/www.mobilegamer.com.br\/es\/hack-ff-mod-menu","title":{"rendered":"Hack FF 2026: Mod Menu FFH4X vuelve con todo y preocupa a Garena"},"content":{"rendered":"<p>El Nuevo Men\u00fa Mod de Free Fire es una herramienta de trampa popular utilizada en el juego para m\u00f3viles Free Fire para obtener una ventaja injusta sobre otros jugadores. Esta herramienta permite a los jugadores acceder a recursos como diamantes, monedas y otros objetos del juego ilimitados. Sin embargo, usar este mod de hackeo conlleva varios riesgos.<\/p>\n<p><img loading=\"lazy\" class=\"aligncenter size-large wp-image-105355\" src=\"https:\/\/www.mobilegamer.com.br\/wp-content\/uploads\/2023\/01\/hack-free-fire-2023-1024x576.jpg\" alt=\"\" width=\"1024\" height=\"576\" srcset=\"https:\/\/www.mobilegamer.com.br\/wp-content\/uploads\/2023\/01\/hack-free-fire-2023-1024x576.jpg 1024w, https:\/\/www.mobilegamer.com.br\/wp-content\/uploads\/2023\/01\/hack-free-fire-2023-300x169.jpg 300w, https:\/\/www.mobilegamer.com.br\/wp-content\/uploads\/2023\/01\/hack-free-fire-2023-768x432.jpg 768w, https:\/\/www.mobilegamer.com.br\/wp-content\/uploads\/2023\/01\/hack-free-fire-2023-320x180.jpg 320w, https:\/\/www.mobilegamer.com.br\/wp-content\/uploads\/2023\/01\/hack-free-fire-2023.jpg 640w, https:\/\/www.mobilegamer.com.br\/wp-content\/uploads\/2023\/01\/hack-free-fire-2023-360x203.jpg 360w, https:\/\/www.mobilegamer.com.br\/wp-content\/uploads\/2023\/01\/hack-free-fire-2023-720x405.jpg 720w, https:\/\/www.mobilegamer.com.br\/wp-content\/uploads\/2023\/01\/hack-free-fire-2023-1080x608.jpg 1080w, https:\/\/www.mobilegamer.com.br\/wp-content\/uploads\/2023\/01\/hack-free-fire-2023-800x450.jpg 800w, https:\/\/www.mobilegamer.com.br\/wp-content\/uploads\/2023\/01\/hack-free-fire-2023-150x84.jpg 150w, https:\/\/www.mobilegamer.com.br\/wp-content\/uploads\/2023\/01\/hack-free-fire-2023.jpg 675w, https:\/\/www.mobilegamer.com.br\/wp-content\/uploads\/2023\/01\/hack-free-fire-2023.jpg 1280w\" sizes=\"auto, (max-width: 680px) 95vw, (max-width: 1024px) 75vw, 1024px\" \/><\/p>\n<p>La aplicaci\u00f3n, generalmente en APK, permite obtener diversas ventajas en el juego como:<\/p>\n<ul>\n<li>Anti Telara\u00f1a<\/li>\n<li>Auto Kill<\/li>\n<li>Subir Capa F\u00e1cil<\/li>\n<li>Fly Speed 1000x<\/li>\n<li>Anti Crash<\/li>\n<li>Mira autom\u00e1tica en la cabeza<\/li>\n<li>Anti Black List<\/li>\n<\/ul>\n<p>Lea tambi\u00e9n:<\/p>\n<ul>\n<li><strong><a href=\"https:\/\/www.mobilegamer.com.br\/2023\/11\/ff-tools-pro.html\" rel=\"bookmark\">FF Tools Pro \u2013 qu\u00e9 es y por qu\u00e9 es el nuevo TERROR de Garena<\/a><\/strong><\/li>\n<\/ul>\n<p>&nbsp;<\/p>\n<p>Sin embargo, vale la pena recordar que quien usa Hack en Free Fire puede tener la cuenta y el dispositivo baneados del juego. Es decir, puedes intentar descargar el juego nuevamente, pero no podr\u00e1s jugarlo.<\/p>\n<p>Usar este mod de hackeo va en contra de los t\u00e9rminos de servicio del juego y puede resultar en una prohibici\u00f3n permanente del juego. Esto significa que los jugadores que usen este mod de hackeo no podr\u00e1n acceder a su cuenta ni a ninguno de los objetos que hayan recolectado en el juego.<\/p>\n<p>El Hack de Free Fire 2023 se distribuye a menudo a trav\u00e9s de canales de Youtube, lo que puede poner a los jugadores en riesgo de descargar malware u otro software malicioso. Estos sitios y aplicaciones tambi\u00e9n pueden solicitar informaci\u00f3n personal, como credenciales de inicio de sesi\u00f3n o informaci\u00f3n de pago, que puede ser utilizada para actividades fraudulentas.<\/p>\n<p>Herramientas como el FFh4X tambi\u00e9n pueden afectar el rendimiento del juego. Esto puede hacer que el juego se congele o se vuelva lento, dificultando que los jugadores se diviertan.<\/p>\n<p>En conclusi\u00f3n, aunque los Mods de Hackeo de Free Fire como el FFh4X pueden parecer una forma f\u00e1cil de obtener una ventaja injusta en el juego, conllevan varios riesgos. Los jugadores deben evitar usar este mod de hackeo para proteger sus cuentas e informaci\u00f3n personal, y para asegurarse de que puedan seguir disfrutando del juego sin problemas.<\/p>\n<p>Lea tambi\u00e9n:<\/p>\n<ul>\n<li class=\"entry-title\"><strong><a href=\"https:\/\/www.mobilegamer.com.br\/2023\/01\/free-fire-codigos-codiguin-ff-janeiro.html\" rel=\"bookmark\">Free Fire: C\u00f3digos (codiguin ff) \u2013 Enero 2026<\/a><\/strong><\/li>\n<li><a href=\"https:\/\/www.mobilegamer.com.br\/2024\/08\/doacao-de-conta-ff.html\"><strong>Donaci\u00f3n de cuenta ff<\/strong><\/a><\/li>\n<li><a href=\"https:\/\/www.mobilegamer.com.br\/nomes-para-free-fire\" rel=\"\"><strong>5 mil nombres \u00daNICOS para Free Fire<\/strong><\/a><\/li>\n<li><a href=\"https:\/\/www.mobilegamer.com.br\/simbolos-para-free-fire.html\" rel=\"\"><strong>S\u00edmbolos para Free Fire<\/strong><\/a><\/li>\n<\/ul>\n<p>Lea tambi\u00e9n:<\/p>\n<p><img loading=\"lazy\" class=\"aligncenter wp-image-106119\" src=\"https:\/\/www.mobilegamer.com.br\/wp-content\/uploads\/2023\/02\/melhor-sensibilidade-free-fire-2023-1024x576.webp\" alt=\"\" width=\"750\" height=\"422\" srcset=\"https:\/\/www.mobilegamer.com.br\/wp-content\/uploads\/2023\/02\/melhor-sensibilidade-free-fire-2023-1024x576.webp 1024w, https:\/\/www.mobilegamer.com.br\/wp-content\/uploads\/2023\/02\/melhor-sensibilidade-free-fire-2023-300x169.webp 300w, https:\/\/www.mobilegamer.com.br\/wp-content\/uploads\/2023\/02\/melhor-sensibilidade-free-fire-2023-768x432.webp 768w, https:\/\/www.mobilegamer.com.br\/wp-content\/uploads\/2023\/02\/melhor-sensibilidade-free-fire-2023-320x180.webp 320w, https:\/\/www.mobilegamer.com.br\/wp-content\/uploads\/2023\/02\/melhor-sensibilidade-free-fire-2023.webp 640w, https:\/\/www.mobilegamer.com.br\/wp-content\/uploads\/2023\/02\/melhor-sensibilidade-free-fire-2023-360x203.webp 360w, https:\/\/www.mobilegamer.com.br\/wp-content\/uploads\/2023\/02\/melhor-sensibilidade-free-fire-2023-720x405.webp 720w, https:\/\/www.mobilegamer.com.br\/wp-content\/uploads\/2023\/02\/melhor-sensibilidade-free-fire-2023-1080x608.webp 1080w, https:\/\/www.mobilegamer.com.br\/wp-content\/uploads\/2023\/02\/melhor-sensibilidade-free-fire-2023-800x450.webp 800w, https:\/\/www.mobilegamer.com.br\/wp-content\/uploads\/2023\/02\/melhor-sensibilidade-free-fire-2023-150x84.webp 150w, https:\/\/www.mobilegamer.com.br\/wp-content\/uploads\/2023\/02\/melhor-sensibilidade-free-fire-2023.webp 675w, https:\/\/www.mobilegamer.com.br\/wp-content\/uploads\/2023\/02\/melhor-sensibilidade-free-fire-2023.webp 1280w\" sizes=\"auto, (max-width: 680px) 95vw, (max-width: 1024px) 75vw, 1024px\" \/><\/p>\n<ul>\n<li class=\"entry-title\"><a href=\"https:\/\/www.mobilegamer.com.br\/2023\/02\/melhor-sensibilidade-ff-subir-capa.html\" rel=\"\"><strong>Mejores Sensibilidades de Free Fire 2026<\/strong><\/a><\/li>\n<li><strong><a href=\"https:\/\/www.mobilegamer.com.br\/2022\/04\/novos-nomes-para-free-fire-2023.html\" rel=\"\">Nombres Free Fire 2026<\/a><\/strong><\/li>\n<li class=\"entry-title\"><strong><a href=\"https:\/\/www.mobilegamer.com.br\/2022\/09\/melhores-armas-free-fire-2023.html\" rel=\"bookmark\">Mejores Armas Free Fire 2026<\/a><\/strong><\/li>\n<li class=\"entry-title\"><strong><a href=\"https:\/\/www.mobilegamer.com.br\/2023\/01\/como-baixar-free-fire-pc-em-2023.html\" rel=\"bookmark\">La mejor forma de descargar FREE FIRE para PC en 2026<\/a><\/strong><\/li>\n<li class=\"entry-title\"><strong><a href=\"https:\/\/www.mobilegamer.com.br\/2019\/04\/curiosidades-free-fire.html\" rel=\"bookmark\">10 Curiosidades Incre\u00edbles sobre Free Fire<\/a><\/strong><\/li>\n<li><a href=\"https:\/\/www.mobilegamer.com.br\/conta-ff-gemada-gratis\"><strong>Cuentas FF Gemadas<\/strong><\/a><\/li>\n<\/ul>\n","protected":false},"excerpt":{"rendered":"<p>El Nuevo Men\u00fa Mod de Free Fire es una herramienta de trampa popular utilizada en el juego para m\u00f3viles Free Fire para obtener una ventaja injusta sobre otros ju&#8230; <a href=\"https:\/\/www.mobilegamer.com.br\/es\/hack-ff-mod-menu\">[Ler mais]<\/a><\/p>\n","protected":false},"author":11,"featured_media":105358,"parent":0,"menu_order":0,"comment_status":"closed","ping_status":"closed","template":"","meta":{"googlesitekit_rrm_CAown4j_Cg:productID":"","footnotes":""},"categories":[],"tags":[3977],"class_list":{"0":"post-154143","1":"page","2":"type-page","3":"status-publish","4":"has-post-thumbnail","6":"tag-free-fire-es"},"yoast_head":"<!-- This site is optimized with the Yoast SEO plugin v27.5 - https:\/\/yoast.com\/product\/yoast-seo-wordpress\/ -->\n<title>Hack FF 2026: Mod Menu FFH4X vuelve con todo y preocupa a Garena<\/title>\n<meta name=\"description\" content=\"El Nuevo Men\u00fa Mod de Free Fire es una herramienta de trampa popular utilizada en el juego para m\u00f3viles Free Fire para obtener una ventaja injusta sobre\" \/>\n<meta name=\"robots\" content=\"index, follow, max-snippet:-1, max-image-preview:large, max-video-preview:-1\" \/>\n<link rel=\"canonical\" href=\"https:\/\/www.mobilegamer.com.br\/es\/hack-ff-mod-menu\" \/>\n<meta property=\"og:locale\" content=\"es_ES\" \/>\n<meta property=\"og:type\" content=\"article\" \/>\n<meta property=\"og:title\" content=\"Hack FF 2026: Mod Menu FFH4X vuelve con todo y preocupa a Garena\" \/>\n<meta property=\"og:description\" content=\"El Nuevo Men\u00fa Mod de Free Fire es una herramienta de trampa popular utilizada en el juego para m\u00f3viles Free Fire para obtener una ventaja injusta sobre\" \/>\n<meta property=\"og:url\" content=\"https:\/\/www.mobilegamer.com.br\/es\/hack-ff-mod-menu\" \/>\n<meta property=\"og:site_name\" content=\"Mobile Gamer Brasil \u2013 Jogos Celular Android e iOS\" \/>\n<meta property=\"article:publisher\" content=\"https:\/\/www.facebook.com\/pages\/Mobile-Gamer-Brasil\/209172605804121\" \/>\n<meta property=\"article:modified_time\" content=\"2026-05-12T18:17:44+00:00\" \/>\n<meta property=\"og:image\" content=\"https:\/\/www.mobilegamer.com.br\/wp-content\/uploads\/2023\/01\/hack-free-fire-2023.jpg\" \/>\n\t<meta property=\"og:image:width\" content=\"1280\" \/>\n\t<meta property=\"og:image:height\" content=\"720\" \/>\n\t<meta property=\"og:image:type\" content=\"image\/jpeg\" \/>\n<meta name=\"twitter:card\" content=\"summary_large_image\" \/>\n<meta name=\"twitter:site\" content=\"@mobilegamerbr\" \/>\n<!-- \/ Yoast SEO plugin. -->","yoast_head_json":{"title":"Hack FF 2026: Mod Menu FFH4X vuelve con todo y preocupa a Garena","description":"El Nuevo Men\u00fa Mod de Free Fire es una herramienta de trampa popular utilizada en el juego para m\u00f3viles Free Fire para obtener una ventaja injusta sobre","robots":{"index":"index","follow":"follow","max-snippet":"max-snippet:-1","max-image-preview":"max-image-preview:large","max-video-preview":"max-video-preview:-1"},"canonical":"https:\/\/www.mobilegamer.com.br\/es\/hack-ff-mod-menu","og_locale":"es_ES","og_type":"article","og_title":"Hack FF 2026: Mod Menu FFH4X vuelve con todo y preocupa a Garena","og_description":"El Nuevo Men\u00fa Mod de Free Fire es una herramienta de trampa popular utilizada en el juego para m\u00f3viles Free Fire para obtener una ventaja injusta sobre","og_url":"https:\/\/www.mobilegamer.com.br\/es\/hack-ff-mod-menu","og_site_name":"Mobile Gamer Brasil \u2013 Jogos Celular Android e iOS","article_publisher":"https:\/\/www.facebook.com\/pages\/Mobile-Gamer-Brasil\/209172605804121","article_modified_time":"2026-05-12T18:17:44+00:00","og_image":[{"width":1280,"height":720,"url":"https:\/\/www.mobilegamer.com.br\/wp-content\/uploads\/2023\/01\/hack-free-fire-2023.jpg","type":"image\/jpeg"}],"twitter_card":"summary_large_image","twitter_site":"@mobilegamerbr","schema":{"@context":"https:\/\/schema.org","@graph":[{"@type":"Article","@id":"https:\/\/www.mobilegamer.com.br\/es\/hack-ff-mod-menu#article","isPartOf":{"@id":"https:\/\/www.mobilegamer.com.br\/es\/hack-ff-mod-menu"},"author":{"name":"Reda\u00e7\u00e3o","@id":"https:\/\/www.mobilegamer.com.br\/es#\/schema\/person\/ac1bfb5f03bb010df619605cadf398f3"},"headline":"Hack FF 2026: Mod Menu FFH4X vuelve con todo y preocupa a Garena","datePublished":"2026-05-12T18:16:59+00:00","dateModified":"2026-05-12T18:17:44+00:00","mainEntityOfPage":{"@id":"https:\/\/www.mobilegamer.com.br\/es\/hack-ff-mod-menu"},"wordCount":432,"publisher":{"@id":"https:\/\/www.mobilegamer.com.br\/es#organization"},"image":{"@id":"https:\/\/www.mobilegamer.com.br\/es\/hack-ff-mod-menu#primaryimage"},"thumbnailUrl":"https:\/\/www.mobilegamer.com.br\/wp-content\/uploads\/2023\/01\/hack-free-fire-2023.jpg","keywords":["Free Fire"],"inLanguage":"es"},{"@type":"WebPage","@id":"https:\/\/www.mobilegamer.com.br\/es\/hack-ff-mod-menu","url":"https:\/\/www.mobilegamer.com.br\/es\/hack-ff-mod-menu","name":"Hack FF 2026: Mod Menu FFH4X vuelve con todo y preocupa a Garena","isPartOf":{"@id":"https:\/\/www.mobilegamer.com.br\/es#website"},"primaryImageOfPage":{"@id":"https:\/\/www.mobilegamer.com.br\/es\/hack-ff-mod-menu#primaryimage"},"image":{"@id":"https:\/\/www.mobilegamer.com.br\/es\/hack-ff-mod-menu#primaryimage"},"thumbnailUrl":"https:\/\/www.mobilegamer.com.br\/wp-content\/uploads\/2023\/01\/hack-free-fire-2023.jpg","datePublished":"2026-05-12T18:16:59+00:00","dateModified":"2026-05-12T18:17:44+00:00","description":"El Nuevo Men\u00fa Mod de Free Fire es una herramienta de trampa popular utilizada en el juego para m\u00f3viles Free Fire para obtener una ventaja injusta sobre","breadcrumb":{"@id":"https:\/\/www.mobilegamer.com.br\/es\/hack-ff-mod-menu#breadcrumb"},"inLanguage":"es","potentialAction":[{"@type":"ReadAction","target":["https:\/\/www.mobilegamer.com.br\/es\/hack-ff-mod-menu"]}]},{"@type":"ImageObject","inLanguage":"es","@id":"https:\/\/www.mobilegamer.com.br\/es\/hack-ff-mod-menu#primaryimage","url":"https:\/\/www.mobilegamer.com.br\/wp-content\/uploads\/2023\/01\/hack-free-fire-2023.jpg","contentUrl":"https:\/\/www.mobilegamer.com.br\/wp-content\/uploads\/2023\/01\/hack-free-fire-2023.jpg","width":1280,"height":720},{"@type":"BreadcrumbList","@id":"https:\/\/www.mobilegamer.com.br\/es\/hack-ff-mod-menu#breadcrumb","itemListElement":[{"@type":"ListItem","position":1,"name":"In\u00edcio","item":"https:\/\/www.mobilegamer.com.br\/es"},{"@type":"ListItem","position":2,"name":"Hack FF 2026: Mod Menu FFH4X vuelve con todo y preocupa a Garena"}]},{"@type":"WebSite","@id":"https:\/\/www.mobilegamer.com.br\/es#website","url":"https:\/\/www.mobilegamer.com.br\/es","name":"Mobile Gamer Brasil","description":"Site dedicado aos jogos de celular. Android e iOS. Descubra novos lan\u00e7amentos, os melhores jogos e reviews completos no Mobile Gamer Brasil.","publisher":{"@id":"https:\/\/www.mobilegamer.com.br\/es#organization"},"alternateName":"Mobile Gamer Brasil","potentialAction":[{"@type":"SearchAction","target":{"@type":"EntryPoint","urlTemplate":"https:\/\/www.mobilegamer.com.br\/es?s={search_term_string}"},"query-input":{"@type":"PropertyValueSpecification","valueRequired":true,"valueName":"search_term_string"}}],"inLanguage":"es"},{"@type":"Organization","@id":"https:\/\/www.mobilegamer.com.br\/es#organization","name":"Mobile Gamer Brasil","alternateName":"Mobile Gamer Brasil","url":"https:\/\/www.mobilegamer.com.br\/es","logo":{"@type":"ImageObject","inLanguage":"es","@id":"https:\/\/www.mobilegamer.com.br\/es#\/schema\/logo\/image\/","url":"https:\/\/www.mobilegamer.com.br\/wp-content\/uploads\/2026\/04\/cropped-logo-2026-mobilegamer.webp","contentUrl":"https:\/\/www.mobilegamer.com.br\/wp-content\/uploads\/2026\/04\/cropped-logo-2026-mobilegamer.webp","width":326,"height":60,"caption":"Mobile Gamer Brasil"},"image":{"@id":"https:\/\/www.mobilegamer.com.br\/es#\/schema\/logo\/image\/"},"sameAs":["https:\/\/www.facebook.com\/pages\/Mobile-Gamer-Brasil\/209172605804121","https:\/\/x.com\/mobilegamerbr","https:\/\/www.youtube.com\/user\/mobilegamervideos\/videos"]},{"@type":"Person","@id":"https:\/\/www.mobilegamer.com.br\/es#\/schema\/person\/ac1bfb5f03bb010df619605cadf398f3","name":"Reda\u00e7\u00e3o","image":{"@type":"ImageObject","inLanguage":"es","@id":"https:\/\/secure.gravatar.com\/avatar\/a775097a5559d99a77e3b1105af832cc5c4e41d04782822133be5cf71a3b43c0?s=96&d=mm&r=g","url":"https:\/\/secure.gravatar.com\/avatar\/a775097a5559d99a77e3b1105af832cc5c4e41d04782822133be5cf71a3b43c0?s=96&d=mm&r=g","contentUrl":"https:\/\/secure.gravatar.com\/avatar\/a775097a5559d99a77e3b1105af832cc5c4e41d04782822133be5cf71a3b43c0?s=96&d=mm&r=g","caption":"Reda\u00e7\u00e3o"},"description":"Quer colaborar? Envie sua dica para o e-mail: contato.mobilegamerbrasil@gmail.com N\u00e3o se preocupe, n\u00e3o precisa ser um expert,basta ser apaixonado pelo assunto. Que assunto? Os nossos amados jogos para celular.","url":"https:\/\/www.mobilegamer.com.br\/es\/author\/mobilegamerbr"}]}},"_links":{"self":[{"href":"https:\/\/www.mobilegamer.com.br\/es\/wp-json\/wp\/v2\/pages\/154143","targetHints":{"allow":["GET"]}}],"collection":[{"href":"https:\/\/www.mobilegamer.com.br\/es\/wp-json\/wp\/v2\/pages"}],"about":[{"href":"https:\/\/www.mobilegamer.com.br\/es\/wp-json\/wp\/v2\/types\/page"}],"author":[{"embeddable":true,"href":"https:\/\/www.mobilegamer.com.br\/es\/wp-json\/wp\/v2\/users\/11"}],"replies":[{"embeddable":true,"href":"https:\/\/www.mobilegamer.com.br\/es\/wp-json\/wp\/v2\/comments?post=154143"}],"version-history":[{"count":2,"href":"https:\/\/www.mobilegamer.com.br\/es\/wp-json\/wp\/v2\/pages\/154143\/revisions"}],"predecessor-version":[{"id":154145,"href":"https:\/\/www.mobilegamer.com.br\/es\/wp-json\/wp\/v2\/pages\/154143\/revisions\/154145"}],"wp:featuredmedia":[{"embeddable":true,"href":"https:\/\/www.mobilegamer.com.br\/es\/wp-json\/wp\/v2\/media\/105358"}],"wp:attachment":[{"href":"https:\/\/www.mobilegamer.com.br\/es\/wp-json\/wp\/v2\/media?parent=154143"}],"wp:term":[{"taxonomy":"category","embeddable":true,"href":"https:\/\/www.mobilegamer.com.br\/es\/wp-json\/wp\/v2\/categories?post=154143"},{"taxonomy":"post_tag","embeddable":true,"href":"https:\/\/www.mobilegamer.com.br\/es\/wp-json\/wp\/v2\/tags?post=154143"}],"curies":[{"name":"wp","href":"https:\/\/api.w.org\/{rel}","templated":true}]}}