{"id":154077,"date":"2026-05-15T12:03:58","date_gmt":"2026-05-15T15:03:58","guid":{"rendered":"https:\/\/www.mobilegamer.com.br\/?page_id=154077"},"modified":"2026-05-15T12:31:53","modified_gmt":"2026-05-15T15:31:53","slug":"codigos-de-attack-on-titan-revolution","status":"publish","type":"page","link":"https:\/\/www.mobilegamer.com.br\/es\/codigos-de-attack-on-titan-revolution","title":{"rendered":"C\u00f3digos de Attack on Titan Revolution &#8211; MAYO 2026 [ACTUALIZADO]"},"content":{"rendered":"<p>Enfrentar a Titanes gigantes y sobrevivir en <strong>Attack on Titan Revolution<\/strong> exige mucho m\u00e1s que habilidad: los jugadores m\u00e1s avanzados usan ventajas extra para evolucionar r\u00e1pido. Por eso los <strong>c\u00f3digos de Attack on Titan Revolution<\/strong> son tan importantes.<\/p>\n<p>Con ellos, puedes conseguir cientos de spins, pociones de mejora, llaves raras y gemas para fortalecer a tu personaje y dominar el campo de batalla. Consulta a continuaci\u00f3n la lista completa y actualizada con los c\u00f3digos de abril de 2026.<\/p>\n<p><img loading=\"lazy\" class=\"aligncenter size-full wp-image-153217\" src=\"https:\/\/www.mobilegamer.com.br\/wp-content\/uploads\/2026\/04\/ATTACK-ON-TITAN-REVOLUTION.webp\" alt=\"\" width=\"768\" height=\"432\" srcset=\"https:\/\/www.mobilegamer.com.br\/wp-content\/uploads\/2026\/04\/ATTACK-ON-TITAN-REVOLUTION.webp 768w, https:\/\/www.mobilegamer.com.br\/wp-content\/uploads\/2026\/04\/ATTACK-ON-TITAN-REVOLUTION-300x169.webp 300w, https:\/\/www.mobilegamer.com.br\/wp-content\/uploads\/2026\/04\/ATTACK-ON-TITAN-REVOLUTION-640x360.webp 640w, https:\/\/www.mobilegamer.com.br\/wp-content\/uploads\/2026\/04\/ATTACK-ON-TITAN-REVOLUTION-675x380.webp 675w, https:\/\/www.mobilegamer.com.br\/wp-content\/uploads\/2026\/04\/ATTACK-ON-TITAN-REVOLUTION-150x84.webp 150w\" sizes=\"auto, (max-width: 680px) 95vw, (max-width: 1024px) 75vw, 1024px\" \/><\/p>\n<p>&nbsp;<\/p>\n<p>&nbsp;<\/p>\n<p>&nbsp;<\/p>\n<h2>Lista de c\u00f3digos de Attack on Titan Revolution (MAYO 2026)<\/h2>\n<p>[<style>\r\n.btn-copiar-codigo {\r\n  margin-left: 8px;\r\n  padding: 3px 8px;\r\n  font-size: 12px;\r\n  cursor: pointer;\r\n  border: none;\r\n  border-radius: 6px;\r\n  background: #2ecc71;\r\n  color: #fff;\r\n  transition: 0.2s;\r\n}\r\n\r\n.btn-copiar-codigo:hover {\r\n  background: #27ae60;\r\n}\r\n\r\n.codigo-usado strong {\r\n  text-decoration: line-through;\r\n  opacity: 0.6;\r\n}\r\n<\/style>\r\n\r\n<script>\r\ndocument.addEventListener(\"DOMContentLoaded\", function () {\r\n\r\n  const listas = document.querySelectorAll(\".codigos-roblox li\");\r\n\r\n  listas.forEach(li => {\r\n\r\n    const strong = li.querySelector(\"strong\");\r\n    if (!strong) return;\r\n\r\n    const codigo = strong.innerText.trim();\r\n\r\n    \/\/ verifica se j\u00e1 foi copiado antes\r\n    if (localStorage.getItem(\"codigo_\" + codigo)) {\r\n      li.classList.add(\"codigo-usado\");\r\n    }\r\n\r\n    const btn = document.createElement(\"button\");\r\n    btn.innerText = \"copiar\";\r\n    btn.className = \"btn-copiar-codigo\";\r\n\r\n    btn.addEventListener(\"click\", function () {\r\n\r\n      navigator.clipboard.writeText(codigo).then(() => {\r\n\r\n        \/\/ salva no navegador\r\n        localStorage.setItem(\"codigo_\" + codigo, \"usado\");\r\n\r\n        \/\/ adiciona risco\r\n        li.classList.add(\"codigo-usado\");\r\n\r\n        btn.innerText = \"copiado!\";\r\n\r\n        setTimeout(() => {\r\n          btn.innerText = \"copiar\";\r\n        }, 3000);\r\n\r\n      });\r\n\r\n    });\r\n\r\n    strong.insertAdjacentElement(\"afterend\", btn);\r\n\r\n  });\r\n\r\n});\r\n<\/script><\/p>\n<ul class=\"codigos-roblox\">\n<li><strong>FREECODE6<\/strong> &#8211; 100 Spins, 1 Poci\u00f3n de 2x Suerte por 30 minutos, 1 Poci\u00f3n de 2x Oro por 30 minutos, 1 Poci\u00f3n de 2x XP por 30 minutos y 5 Llaves del Emperador (NUEVO)<\/li>\n<li><strong>FREECODE5<\/strong> &#8211; 100 Spins, 1 Poci\u00f3n de 2x Suerte por 30 minutos, 1 Poci\u00f3n de 2x Oro por 30 minutos, 1 Poci\u00f3n de 2x XP por 30 minutos y 5 Llaves del Emperador (NUEVO)<\/li>\n<li><strong>FREECODE4<\/strong> &#8211; 100 Spins, 1 Poci\u00f3n de 2x Suerte por 30 minutos, 1 Poci\u00f3n de 2x Oro por 30 minutos, 1 Poci\u00f3n de 2x XP por 30 minutos y 5 Llaves del Emperador (NUEVO)<\/li>\n<li><strong>LIKES1M200K<\/strong> &#8211; 300 Spins, 1 Poci\u00f3n de 2x Suerte, 1 Poci\u00f3n de 2x Oro, 1 Poci\u00f3n de 2x XP y 10 Llaves del Emperador (NUEVO)<\/li>\n<li><strong>VISITS800M<\/strong> &#8211; 300 Spins, 1 Poci\u00f3n de 2x Suerte, 1 Poci\u00f3n de 2x Oro, 1 Poci\u00f3n de 2x XP y 10 Llaves del Emperador<\/li>\n<li><strong>TERRA70K<\/strong> &#8211; 50 Spins<\/li>\n<li><strong>PLAYERS100K<\/strong> &#8211; 300 Spins, 1 Poci\u00f3n de 2x Suerte, 1 Poci\u00f3n de 2x Oro, 1 Poci\u00f3n de 2x XP, 5 Llaves del Emperador y 2.000 Gemas<\/li>\n<li><strong>VISITS600M<\/strong> &#8211; 100 Spins, 1 Poci\u00f3n de 2x Suerte, 1 Poci\u00f3n de 2x Oro, 1 Poci\u00f3n de 2x XP, 5 Llaves del Emperador y 2.000 Gemas<\/li>\n<li><strong>VISITS700M<\/strong> &#8211; 100 Spins, 1 Poci\u00f3n de 2x Suerte, 1 Poci\u00f3n de 2x Oro, 1 Poci\u00f3n de 2x XP, 5 Llaves del Emperador y 2.000 Gemas<\/li>\n<li><strong>FAVORITES1M<\/strong> &#8211; 100 Spins, 1 Poci\u00f3n de 2x Suerte, 1 Poci\u00f3n de 2x Oro, 1 Poci\u00f3n de 2x XP, 5 Llaves del Emperador y 2.000 Gemas<\/li>\n<li><strong>MEMBERS900K<\/strong> &#8211; 200 Spins, 1 Poci\u00f3n de 2x Suerte, 1 Poci\u00f3n de 2x Oro, 1 Poci\u00f3n de 2x XP, 10 Llaves del Emperador y 4.000 Gemas<\/li>\n<li><strong>MEMBERS1M<\/strong> &#8211; 250 Spins, 1 Poci\u00f3n de 2x Suerte, 1 Poci\u00f3n de 2x Oro, 1 Poci\u00f3n de 2x XP y 15 Llaves del Emperador (requiere Prestigio 1)<\/li>\n<li><strong>UPDATE4<\/strong> &#8211; 500 Spins, 1 Poci\u00f3n de 2x Suerte, 1 Poci\u00f3n de 2x Oro, 1 Poci\u00f3n de 2x XP, 20 Llaves del Emperador, 1.400 Fragmentos y 2.000 Bastones (requiere Prestigio 1)<\/li>\n<li><strong>LIKES1M150K<\/strong> &#8211; 300 Spins, 10 Llaves del Emperador, 1 Poci\u00f3n de 2x Suerte, 1 Poci\u00f3n de 2x Oro y 1 Poci\u00f3n de 2x XP<\/li>\n<li><strong>FREECODE3<\/strong> &#8211; 150 Spins, 5 Llaves del Emperador, 1 Poci\u00f3n de 2x Suerte, 1 Poci\u00f3n de 2x Oro y 1 Poci\u00f3n de 2x XP<\/li>\n<li><strong>LIKES1M100K<\/strong> &#8211; 300 Spins, 10 Llaves del Emperador, 1 Poci\u00f3n de 2x Suerte, 1 Poci\u00f3n de 2x Oro y 1 Poci\u00f3n de 2x XP<\/li>\n<li><strong>THANKSFORSTAYINGWITHUS<\/strong> &#8211; 300 Spins, 10 Llaves del Emperador, 1 Poci\u00f3n de 2x Suerte, 1 Poci\u00f3n de 2x Oro y 1 Poci\u00f3n de 2x XP<\/li>\n<li><strong>CHRISTMAS2025<\/strong> &#8211; 300 Spins, Pociones de 2x Oro, 2x Suerte y 2x XP por 2 horas<\/li>\n<li><strong>LIKES1M<\/strong> &#8211; 400 Spins, 10 Llaves del Emperador y Pociones de 2x Suerte, 2x XP y 2x Oro por 1 hora<\/li>\n<\/ul>\n<h2>C\u00f3digos expirados<\/h2>\n<p>Los c\u00f3digos siguientes ya no funcionan:<\/p>\n<ul class=\"wp-block-list is-style-inline-divider-list\">\n<li>LIKES950K<\/li>\n<li>HALLOWEEN2025<\/li>\n<li>LIKES900K<\/li>\n<li>LIKES850K<\/li>\n<li>FREECODE2<\/li>\n<li>FREECODE<\/li>\n<li>LIKES800K<\/li>\n<li>LIKES750K<\/li>\n<li>VISITS500M<\/li>\n<li>UPDATE4PENDING<\/li>\n<li>LIKES700K<\/li>\n<li>MEMBERS750K<\/li>\n<li>LIKES675K<\/li>\n<li>LIKES650K<\/li>\n<li>LIKES625K<\/li>\n<li>LIKES600K<\/li>\n<li>UPDATE3<\/li>\n<li>TRADING<\/li>\n<li>LIKES575K<\/li>\n<li>LIKES550K<\/li>\n<li>MEMBERS600K<\/li>\n<li>SUB2EK2<\/li>\n<li>LIKES525K<\/li>\n<li>LIKES500K<\/li>\n<li>LIKES475K<\/li>\n<li>UPDATE3SOON<\/li>\n<li>LIKES450K<\/li>\n<li>FREESPIN2<\/li>\n<li>SUB2EK<\/li>\n<li>BIGPATCH<\/li>\n<li>LIKES425K<\/li>\n<li>UPDATE2POINT5<\/li>\n<li>NEWYEARS2024<\/li>\n<li>HOLIDAYS2024<\/li>\n<li>LIKES400K<\/li>\n<li>500kCommunityMembers<\/li>\n<li>Thanksgiving<\/li>\n<li>CODESEXPIREAFTER1WEEK<\/li>\n<li>VISITS200M<\/li>\n<li>SPOOKYUPDATESOON<\/li>\n<li>UPDATE2SPINS<\/li>\n<li>UPDATE2DEMON<\/li>\n<li>UPDATE2FATE<\/li>\n<li>UPDATE2HALLOWEEN<\/li>\n<li>COLESPINS<\/li>\n<li>ENDERSPINS<\/li>\n<li>UPDATE2PATCH<\/li>\n<li>LIKES350K<\/li>\n<li>ARMOREDTITANSOON<\/li>\n<li>SOSORRY4DELAY<\/li>\n<li>ROBLOXFIX<\/li>\n<li>LIKES325K<\/li>\n<li>DEVCODE3<\/li>\n<li>MYBAD<\/li>\n<li>UPDATESOON2<\/li>\n<li>SORRY4DELAY3<\/li>\n<li>LIKES300K<\/li>\n<li>RANDOMCODE1<\/li>\n<li>RANDOMCODE2<\/li>\n<li>LIKES280K<\/li>\n<li>VISITS100M<\/li>\n<li>UPDATE2SOON<\/li>\n<li>LUCKBOOST<\/li>\n<li>LIKES260K<\/li>\n<li>MEMBERS450K<\/li>\n<li>REVERT1<\/li>\n<li>COMPENSATE1<\/li>\n<li>COMPENSATE2<\/li>\n<li>APOLOGIES2<\/li>\n<li>LIKES240K<\/li>\n<li>PLAYERS60K<\/li>\n<li>APOLOGIES<\/li>\n<li>MEMBERS300K<\/li>\n<li>MEMBERS350K<\/li>\n<li>MEMBERS400K<\/li>\n<li>DEVCODE2<\/li>\n<li>LIKES220K<\/li>\n<li>UPDATE1<\/li>\n<li>LIKES145K<\/li>\n<li>SORRY4DELAY<\/li>\n<li>SORRY4DELAY2<\/li>\n<li>LIKES200K<\/li>\n<li>LIKES175K<\/li>\n<li>LIKES160K<\/li>\n<li>MEMBERS250K<\/li>\n<li>LIKES130K<\/li>\n<li>LIKES115k<\/li>\n<li>LIKES100K<\/li>\n<li>MEMBERS200K<\/li>\n<li>LIKES90K<\/li>\n<li>UPDATE1SOON<\/li>\n<li>MEMBERS175K<\/li>\n<li>MEMBERS150K<\/li>\n<li>LIKES80K<\/li>\n<li>LIKES70K<\/li>\n<li>LIKES60K<\/li>\n<li>MEMBERS125K<\/li>\n<li>LIKES15K<\/li>\n<li>MEMBERS30K<\/li>\n<\/ul>\n<p>&nbsp;<\/p>\n<p>&nbsp;<\/p>\n<h2>C\u00f3mo canjear c\u00f3digos en Attack on Titan Revolution<\/h2>\n<p><img loading=\"lazy\" class=\"aligncenter wp-image-153221 \" src=\"https:\/\/www.mobilegamer.com.br\/wp-content\/uploads\/2026\/04\/aot-revolution-codes_2-300x169.webp\" alt=\"\" width=\"511\" height=\"288\" srcset=\"https:\/\/www.mobilegamer.com.br\/wp-content\/uploads\/2026\/04\/aot-revolution-codes_2-300x169.webp 300w, https:\/\/www.mobilegamer.com.br\/wp-content\/uploads\/2026\/04\/aot-revolution-codes_2-1024x576.webp 1024w, https:\/\/www.mobilegamer.com.br\/wp-content\/uploads\/2026\/04\/aot-revolution-codes_2-768x432.webp 768w, https:\/\/www.mobilegamer.com.br\/wp-content\/uploads\/2026\/04\/aot-revolution-codes_2-1536x864.webp 1536w, https:\/\/www.mobilegamer.com.br\/wp-content\/uploads\/2026\/04\/aot-revolution-codes_2-640x360.webp 640w, https:\/\/www.mobilegamer.com.br\/wp-content\/uploads\/2026\/04\/aot-revolution-codes_2-675x380.webp 675w, https:\/\/www.mobilegamer.com.br\/wp-content\/uploads\/2026\/04\/aot-revolution-codes_2-150x84.webp 150w, https:\/\/www.mobilegamer.com.br\/wp-content\/uploads\/2026\/04\/aot-revolution-codes_2.webp 2048w\" sizes=\"auto, (max-width: 680px) 95vw, (max-width: 1024px) 75vw, 1024px\" \/><\/p>\n<p>&nbsp;<\/p>\n<p>Sigue los pasos a continuaci\u00f3n:<\/p>\n<ol>\n<li>Abre el <a href=\"https:\/\/www.roblox.com\/pt\/games\/13379208636\/Attack-on-Titan-Revolution\">juego en Roblox<\/a><\/li>\n<li>En el men\u00fa principal, haz clic en <strong>Codes<\/strong><\/li>\n<li>Escribe un c\u00f3digo en la caja de texto<\/li>\n<li>Presiona <strong>Enter<\/strong> para canjear<\/li>\n<\/ol>\n<p>&nbsp;<\/p>\n<h2>C\u00f3mo conseguir m\u00e1s c\u00f3digos de Attack on Titan Revolution<\/h2>\n<p>Para no perderte nuevos c\u00f3digos:<\/p>\n<ul>\n<li>Guarda esta p\u00e1gina y vuelve a menudo<\/li>\n<li>Sigue las actualizaciones del juego<\/li>\n<li>Presta atenci\u00f3n a eventos y metas de la comunidad<\/li>\n<\/ul>\n<p>Los nuevos c\u00f3digos suelen aparecer en actualizaciones, logros de jugadores y eventos especiales.<\/p>\n<p>&nbsp;<\/p>\n<p>&nbsp;<\/p>\n<h2>\u00bfPor qu\u00e9 no funcionan los c\u00f3digos?<\/h2>\n<p>Si alg\u00fan c\u00f3digo no funciona, verifica:<\/p>\n<ul>\n<li>Si lo escribiste correctamente (copia y pega)<\/li>\n<li>Si el c\u00f3digo ya expir\u00f3<\/li>\n<li>Si cumples con los requisitos (como Prestigio)<\/li>\n<li>Si est\u00e1s en un servidor actualizado<\/li>\n<\/ul>\n<p>&nbsp;<\/p>\n<h2>Preguntas frecuentes<\/h2>\n<h3>\u00bfQu\u00e9 son los Spins en el juego?<\/h3>\n<p>Se usan para desbloquear habilidades y mejoras en el personaje.<\/p>\n<h3>\u00bfLos c\u00f3digos se pueden usar m\u00e1s de una vez?<\/h3>\n<p>No. Cada c\u00f3digo solo se puede canjear una \u00fanica vez por cuenta.<\/p>\n<h3>\u00bfCu\u00e1ndo se lanzan nuevos c\u00f3digos?<\/h3>\n<p>Durante actualizaciones, eventos o cuando el juego alcanza metas importantes.<\/p>\n<p>&nbsp;<\/p>\n<p>Ahora que ya tienes todos los c\u00f3digos de Attack on Titan Revolution, \u00a1aprov\u00e9chalos para evolucionar r\u00e1pido y enfrentar a los Titanes con mucho m\u00e1s poder.<\/p>\n<p>&nbsp;<\/p>\n","protected":false},"excerpt":{"rendered":"<p>Enfrentar a Titanes gigantes y sobrevivir en Attack on Titan Revolution exige mucho m\u00e1s que habilidad: los jugadores m\u00e1s avanzados usan ventajas extra para evol&#8230; <a href=\"https:\/\/www.mobilegamer.com.br\/es\/codigos-de-attack-on-titan-revolution\">[Ler mais]<\/a><\/p>\n","protected":false},"author":15,"featured_media":153220,"parent":0,"menu_order":0,"comment_status":"closed","ping_status":"closed","template":"","meta":{"googlesitekit_rrm_CAown4j_Cg:productID":"","footnotes":""},"categories":[2970],"tags":[3648,3192],"class_list":{"0":"post-154077","1":"page","2":"type-page","3":"status-publish","4":"has-post-thumbnail","6":"category-codigos-2","7":"tag-codigos-es","8":"tag-roblox-es"},"yoast_head":"<!-- This site is optimized with the Yoast SEO plugin v27.6 - https:\/\/yoast.com\/product\/yoast-seo-wordpress\/ -->\n<title>C\u00f3digos de Attack on Titan Revolution - MAYO 2026 [ACTUALIZADO]<\/title>\n<meta name=\"description\" content=\"Enfrentar a Titanes gigantes y sobrevivir en Attack on Titan Revolution exige mucho m\u00e1s que habilidad: los jugadores m\u00e1s avanzados usan ventajas extra\" \/>\n<meta name=\"robots\" content=\"index, follow, max-snippet:-1, max-image-preview:large, max-video-preview:-1\" \/>\n<link rel=\"canonical\" href=\"https:\/\/www.mobilegamer.com.br\/es\/codigos-de-attack-on-titan-revolution\" \/>\n<meta property=\"og:locale\" content=\"es_ES\" \/>\n<meta property=\"og:type\" content=\"article\" \/>\n<meta property=\"og:title\" content=\"C\u00f3digos de Attack on Titan Revolution - MAYO 2026 [ACTUALIZADO]\" \/>\n<meta property=\"og:description\" content=\"Enfrentar a Titanes gigantes y sobrevivir en Attack on Titan Revolution exige mucho m\u00e1s que habilidad: los jugadores m\u00e1s avanzados usan ventajas extra\" \/>\n<meta property=\"og:url\" content=\"https:\/\/www.mobilegamer.com.br\/es\/codigos-de-attack-on-titan-revolution\" \/>\n<meta property=\"og:site_name\" content=\"Mobile Gamer Brasil \u2013 Jogos Celular Android e iOS\" \/>\n<meta property=\"article:publisher\" content=\"https:\/\/www.facebook.com\/pages\/Mobile-Gamer-Brasil\/209172605804121\" \/>\n<meta property=\"article:modified_time\" content=\"2026-05-15T15:31:53+00:00\" \/>\n<meta property=\"og:image\" content=\"https:\/\/www.mobilegamer.com.br\/wp-content\/uploads\/2026\/04\/ATTACK-ON-TITAN-REVOLUTION.webp\" \/>\n\t<meta property=\"og:image:width\" content=\"768\" \/>\n\t<meta property=\"og:image:height\" content=\"432\" \/>\n\t<meta property=\"og:image:type\" content=\"image\/webp\" \/>\n<meta name=\"twitter:card\" content=\"summary_large_image\" \/>\n<meta name=\"twitter:site\" content=\"@mobilegamerbr\" \/>\n<!-- \/ Yoast SEO plugin. -->","yoast_head_json":{"title":"C\u00f3digos de Attack on Titan Revolution - MAYO 2026 [ACTUALIZADO]","description":"Enfrentar a Titanes gigantes y sobrevivir en Attack on Titan Revolution exige mucho m\u00e1s que habilidad: los jugadores m\u00e1s avanzados usan ventajas extra","robots":{"index":"index","follow":"follow","max-snippet":"max-snippet:-1","max-image-preview":"max-image-preview:large","max-video-preview":"max-video-preview:-1"},"canonical":"https:\/\/www.mobilegamer.com.br\/es\/codigos-de-attack-on-titan-revolution","og_locale":"es_ES","og_type":"article","og_title":"C\u00f3digos de Attack on Titan Revolution - MAYO 2026 [ACTUALIZADO]","og_description":"Enfrentar a Titanes gigantes y sobrevivir en Attack on Titan Revolution exige mucho m\u00e1s que habilidad: los jugadores m\u00e1s avanzados usan ventajas extra","og_url":"https:\/\/www.mobilegamer.com.br\/es\/codigos-de-attack-on-titan-revolution","og_site_name":"Mobile Gamer Brasil \u2013 Jogos Celular Android e iOS","article_publisher":"https:\/\/www.facebook.com\/pages\/Mobile-Gamer-Brasil\/209172605804121","article_modified_time":"2026-05-15T15:31:53+00:00","og_image":[{"width":768,"height":432,"url":"https:\/\/www.mobilegamer.com.br\/wp-content\/uploads\/2026\/04\/ATTACK-ON-TITAN-REVOLUTION.webp","type":"image\/webp"}],"twitter_card":"summary_large_image","twitter_site":"@mobilegamerbr","schema":{"@context":"https:\/\/schema.org","@graph":[{"@type":"Article","@id":"https:\/\/www.mobilegamer.com.br\/es\/codigos-de-attack-on-titan-revolution#article","isPartOf":{"@id":"https:\/\/www.mobilegamer.com.br\/es\/codigos-de-attack-on-titan-revolution"},"author":{"name":"Dario Coutinho","@id":"https:\/\/www.mobilegamer.com.br\/es#\/schema\/person\/976e425f91280f39c07a955e8a789e24"},"headline":"C\u00f3digos de Attack on Titan Revolution &#8211; MAYO 2026 [ACTUALIZADO]","datePublished":"2026-05-15T15:03:58+00:00","dateModified":"2026-05-15T15:31:53+00:00","mainEntityOfPage":{"@id":"https:\/\/www.mobilegamer.com.br\/es\/codigos-de-attack-on-titan-revolution"},"wordCount":961,"publisher":{"@id":"https:\/\/www.mobilegamer.com.br\/es#organization"},"image":{"@id":"https:\/\/www.mobilegamer.com.br\/es\/codigos-de-attack-on-titan-revolution#primaryimage"},"thumbnailUrl":"https:\/\/www.mobilegamer.com.br\/wp-content\/uploads\/2026\/04\/ATTACK-ON-TITAN-REVOLUTION.webp","keywords":["C\u00f3digos","Roblox"],"articleSection":["c\u00f3digos"],"inLanguage":"es"},{"@type":"WebPage","@id":"https:\/\/www.mobilegamer.com.br\/es\/codigos-de-attack-on-titan-revolution","url":"https:\/\/www.mobilegamer.com.br\/es\/codigos-de-attack-on-titan-revolution","name":"C\u00f3digos de Attack on Titan Revolution - MAYO 2026 [ACTUALIZADO]","isPartOf":{"@id":"https:\/\/www.mobilegamer.com.br\/es#website"},"primaryImageOfPage":{"@id":"https:\/\/www.mobilegamer.com.br\/es\/codigos-de-attack-on-titan-revolution#primaryimage"},"image":{"@id":"https:\/\/www.mobilegamer.com.br\/es\/codigos-de-attack-on-titan-revolution#primaryimage"},"thumbnailUrl":"https:\/\/www.mobilegamer.com.br\/wp-content\/uploads\/2026\/04\/ATTACK-ON-TITAN-REVOLUTION.webp","datePublished":"2026-05-15T15:03:58+00:00","dateModified":"2026-05-15T15:31:53+00:00","description":"Enfrentar a Titanes gigantes y sobrevivir en Attack on Titan Revolution exige mucho m\u00e1s que habilidad: los jugadores m\u00e1s avanzados usan ventajas extra","breadcrumb":{"@id":"https:\/\/www.mobilegamer.com.br\/es\/codigos-de-attack-on-titan-revolution#breadcrumb"},"inLanguage":"es","potentialAction":[{"@type":"ReadAction","target":["https:\/\/www.mobilegamer.com.br\/es\/codigos-de-attack-on-titan-revolution"]}]},{"@type":"ImageObject","inLanguage":"es","@id":"https:\/\/www.mobilegamer.com.br\/es\/codigos-de-attack-on-titan-revolution#primaryimage","url":"https:\/\/www.mobilegamer.com.br\/wp-content\/uploads\/2026\/04\/ATTACK-ON-TITAN-REVOLUTION.webp","contentUrl":"https:\/\/www.mobilegamer.com.br\/wp-content\/uploads\/2026\/04\/ATTACK-ON-TITAN-REVOLUTION.webp","width":768,"height":432},{"@type":"BreadcrumbList","@id":"https:\/\/www.mobilegamer.com.br\/es\/codigos-de-attack-on-titan-revolution#breadcrumb","itemListElement":[{"@type":"ListItem","position":1,"name":"In\u00edcio","item":"https:\/\/www.mobilegamer.com.br\/es"},{"@type":"ListItem","position":2,"name":"c\u00f3digos","item":"https:\/\/www.mobilegamer.com.br\/es\/codigos-2"},{"@type":"ListItem","position":3,"name":"C\u00f3digos de Attack on Titan Revolution &#8211; MAYO 2026 [ACTUALIZADO]"}]},{"@type":"WebSite","@id":"https:\/\/www.mobilegamer.com.br\/es#website","url":"https:\/\/www.mobilegamer.com.br\/es","name":"Mobile Gamer Brasil","description":"Site dedicado aos jogos de celular. Android e iOS. Descubra novos lan\u00e7amentos, os melhores jogos e reviews completos no Mobile Gamer Brasil.","publisher":{"@id":"https:\/\/www.mobilegamer.com.br\/es#organization"},"alternateName":"Mobile Gamer Brasil","potentialAction":[{"@type":"SearchAction","target":{"@type":"EntryPoint","urlTemplate":"https:\/\/www.mobilegamer.com.br\/es?s={search_term_string}"},"query-input":{"@type":"PropertyValueSpecification","valueRequired":true,"valueName":"search_term_string"}}],"inLanguage":"es"},{"@type":"Organization","@id":"https:\/\/www.mobilegamer.com.br\/es#organization","name":"Mobile Gamer Brasil","alternateName":"Mobile Gamer Brasil","url":"https:\/\/www.mobilegamer.com.br\/es","logo":{"@type":"ImageObject","inLanguage":"es","@id":"https:\/\/www.mobilegamer.com.br\/es#\/schema\/logo\/image\/","url":"https:\/\/www.mobilegamer.com.br\/wp-content\/uploads\/2026\/04\/cropped-logo-2026-mobilegamer.webp","contentUrl":"https:\/\/www.mobilegamer.com.br\/wp-content\/uploads\/2026\/04\/cropped-logo-2026-mobilegamer.webp","width":326,"height":60,"caption":"Mobile Gamer Brasil"},"image":{"@id":"https:\/\/www.mobilegamer.com.br\/es#\/schema\/logo\/image\/"},"sameAs":["https:\/\/www.facebook.com\/pages\/Mobile-Gamer-Brasil\/209172605804121","https:\/\/x.com\/mobilegamerbr","https:\/\/www.youtube.com\/user\/mobilegamervideos\/videos"]},{"@type":"Person","@id":"https:\/\/www.mobilegamer.com.br\/es#\/schema\/person\/976e425f91280f39c07a955e8a789e24","name":"Dario Coutinho","image":{"@type":"ImageObject","inLanguage":"es","@id":"https:\/\/secure.gravatar.com\/avatar\/2b9d2e92a3bb6c37c4896f7dea46b2ff54261a7713553663146826995fdf8495?s=96&d=mm&r=g","url":"https:\/\/secure.gravatar.com\/avatar\/2b9d2e92a3bb6c37c4896f7dea46b2ff54261a7713553663146826995fdf8495?s=96&d=mm&r=g","contentUrl":"https:\/\/secure.gravatar.com\/avatar\/2b9d2e92a3bb6c37c4896f7dea46b2ff54261a7713553663146826995fdf8495?s=96&d=mm&r=g","caption":"Dario Coutinho"},"description":"O \"Gamer de Celular\" Original. Criou um dos primeiros sites sobre jogos para celular em 2007, que viria a se tornar o Mobile Gamer Brasil em 2009. Formado em Ci\u00eancia da Computa\u00e7\u00e3o, escreve sobre tecnologia h\u00e1 mais de 16 anos. Com passagem por revistas de games (EGW, Arkade) e sites renomados como Techtudo. E-mail para contato: dario@mobilegamer.com.br","sameAs":["https:\/\/www.facebook.com\/dariojmcoutinho","https:\/\/www.linkedin.com\/in\/dario-jose-martins-coutinho-18511b46\/","https:\/\/x.com\/https:\/\/x.com\/GamerVelho","https:\/\/www.youtube.com\/dariocoutinho"],"url":"https:\/\/www.mobilegamer.com.br\/es\/author\/dariocoutinho"}]}},"_links":{"self":[{"href":"https:\/\/www.mobilegamer.com.br\/es\/wp-json\/wp\/v2\/pages\/154077","targetHints":{"allow":["GET"]}}],"collection":[{"href":"https:\/\/www.mobilegamer.com.br\/es\/wp-json\/wp\/v2\/pages"}],"about":[{"href":"https:\/\/www.mobilegamer.com.br\/es\/wp-json\/wp\/v2\/types\/page"}],"author":[{"embeddable":true,"href":"https:\/\/www.mobilegamer.com.br\/es\/wp-json\/wp\/v2\/users\/15"}],"replies":[{"embeddable":true,"href":"https:\/\/www.mobilegamer.com.br\/es\/wp-json\/wp\/v2\/comments?post=154077"}],"version-history":[{"count":3,"href":"https:\/\/www.mobilegamer.com.br\/es\/wp-json\/wp\/v2\/pages\/154077\/revisions"}],"predecessor-version":[{"id":154329,"href":"https:\/\/www.mobilegamer.com.br\/es\/wp-json\/wp\/v2\/pages\/154077\/revisions\/154329"}],"wp:featuredmedia":[{"embeddable":true,"href":"https:\/\/www.mobilegamer.com.br\/es\/wp-json\/wp\/v2\/media\/153220"}],"wp:attachment":[{"href":"https:\/\/www.mobilegamer.com.br\/es\/wp-json\/wp\/v2\/media?parent=154077"}],"wp:term":[{"taxonomy":"category","embeddable":true,"href":"https:\/\/www.mobilegamer.com.br\/es\/wp-json\/wp\/v2\/categories?post=154077"},{"taxonomy":"post_tag","embeddable":true,"href":"https:\/\/www.mobilegamer.com.br\/es\/wp-json\/wp\/v2\/tags?post=154077"}],"curies":[{"name":"wp","href":"https:\/\/api.w.org\/{rel}","templated":true}]}}