{"id":129856,"date":"2024-08-06T11:58:40","date_gmt":"2024-08-06T14:58:40","guid":{"rendered":"https:\/\/www.mobilegamer.com.br\/?page_id=129856"},"modified":"2024-08-06T11:58:40","modified_gmt":"2024-08-06T14:58:40","slug":"codigos-de-anime-destiny-simulator","status":"publish","type":"page","link":"https:\/\/www.mobilegamer.com.br\/es\/codigos-de-anime-destiny-simulator","title":{"rendered":"C\u00f3digos de Anime Destiny Simulator &#8211; Agosto 2024"},"content":{"rendered":"<h2><\/h2>\n<p><img loading=\"lazy\" class=\"aligncenter size-full wp-image-129616\" src=\"https:\/\/www.mobilegamer.com.br\/wp-content\/uploads\/2024\/07\/Anime-Destiny-Simulator.webp\" alt=\"\" width=\"768\" height=\"432\" srcset=\"https:\/\/www.mobilegamer.com.br\/wp-content\/uploads\/2024\/07\/Anime-Destiny-Simulator.webp 640w, https:\/\/www.mobilegamer.com.br\/wp-content\/uploads\/2024\/07\/Anime-Destiny-Simulator-300x169.webp 300w, https:\/\/www.mobilegamer.com.br\/wp-content\/uploads\/2024\/07\/Anime-Destiny-Simulator-150x84.webp 150w, https:\/\/www.mobilegamer.com.br\/wp-content\/uploads\/2024\/07\/Anime-Destiny-Simulator.webp 675w, https:\/\/www.mobilegamer.com.br\/wp-content\/uploads\/2024\/07\/Anime-Destiny-Simulator.webp 768w\" sizes=\"auto, (max-width: 680px) 95vw, (max-width: 1024px) 75vw, 1024px\" \/><\/p>\n<h2>C\u00f3digos Activos para Anime Destiny Simulator<\/h2>\n<p>Los c\u00f3digos para Anime Destiny Simulator en Roblox ofrecen una variedad de pociones que pueden aumentar tu da\u00f1o, suerte, yen, energ\u00eda y drops, ayud\u00e1ndote a destacarte en este mundo inspirado en animes.<\/p>\n<h3>Lista de C\u00f3digos Activos:<\/h3>\n<ul>\n<li><strong>sorry4shutdown<\/strong> \u2013 Pociones (\u00a1nuevo!)<\/li>\n<li><strong>50kfavorites<\/strong> \u2013 Pociones (\u00a1nuevo!)<\/li>\n<li><strong>UPDATE5<\/strong> \u2013 Pociones<\/li>\n<li><strong>srr4shutdown<\/strong> \u2013 Pociones<\/li>\n<li><strong>1MVISITS!<\/strong> \u2013 Pociones<\/li>\n<li><strong>UPDATE4<\/strong> \u2013 Pociones<\/li>\n<li><strong>SRR4BUGS<\/strong> \u2013 Una poci\u00f3n de yen y una poci\u00f3n de suerte<\/li>\n<li><strong>4KLIKES<\/strong> \u2013 Una poci\u00f3n de da\u00f1o y una poci\u00f3n de yen<\/li>\n<li><strong>2KLIKES<\/strong> \u2013 Una poci\u00f3n de drops y una poci\u00f3n de da\u00f1o<\/li>\n<li><strong>UPDATE2<\/strong> \u2013 Una poci\u00f3n de energ\u00eda y una poci\u00f3n de suerte<\/li>\n<li><strong>UPDATE1<\/strong> \u2013 Dos pociones de energ\u00eda y una poci\u00f3n de da\u00f1o<\/li>\n<li><strong>SorryForShutdown<\/strong> \u2013 Una poci\u00f3n de suerte y una poci\u00f3n de yen<\/li>\n<li><strong>RELEASE<\/strong> \u2013 Una poci\u00f3n de da\u00f1o, una poci\u00f3n de suerte, una poci\u00f3n de yen, una poci\u00f3n de energ\u00eda y una poci\u00f3n de yen<\/li>\n<\/ul>\n<h3>C\u00f3digos Caducados:<\/h3>\n<ul>\n<li><strong>1KLIKES<\/strong><\/li>\n<\/ul>\n<h2>\u00bfQu\u00e9 Son los C\u00f3digos de Anime Destiny Simulator?<\/h2>\n<p>Los c\u00f3digos de Anime Destiny Simulator son la mejor manera de obtener pociones que pueden ayudarte de diversas formas, ya sea acelerando la obtenci\u00f3n de yen o aumentando el da\u00f1o que causas. El desarrollador, AlphaXCross, generalmente lanza nuevos c\u00f3digos para actualizaciones y hitos importantes. Aseg\u00farate de visitarnos peri\u00f3dicamente para no perder ninguna novedad.<\/p>\n<h2>C\u00f3mo Canjear C\u00f3digos de Anime Destiny Simulator<\/h2>\n<p>Para canjear tus c\u00f3digos en Anime Destiny Simulator, sigue estos sencillos pasos:<\/p>\n<ol>\n<li><strong>Inicia Roblox<\/strong> y entra en Anime Destiny Simulator.<\/li>\n<li><strong>Toca el \u00edcono de Twitter\/X<\/strong>.<\/li>\n<li><strong>Introduce tu c\u00f3digo<\/strong>.<\/li>\n<li><strong>Haz clic en &#8220;enter&#8221;<\/strong> para canjear tu regalo.<\/li>\n<\/ol>\n<h2>Descubre M\u00e1s Juegos y C\u00f3digos en Roblox<\/h2>\n<p>No olvides que puedes obtener a\u00fan m\u00e1s c\u00f3digos para juegos de anime en Roblox con nuestras gu\u00edas de c\u00f3digos para:<\/p>\n<ul>\n<li><strong>Anime Protectors Defense<\/strong><\/li>\n<li><strong>Weak Legacy 2<\/strong><\/li>\n<li><strong>Demon Soul Simulator<\/strong><\/li>\n<li><strong>Anime Defenders<\/strong><\/li>\n<li><strong>Hunter Era<\/strong><\/li>\n<li><strong>Anime Last Stand<\/strong><\/li>\n<\/ul>\n<h3>Mejores Juegos de Roblox<\/h3>\n<p>Para ver otras opciones de juegos en la plataforma, consulta nuestra lista de los mejores juegos de Roblox, que abarca una variedad de g\u00e9neros.<\/p>\n<p>Ahora que conoces todos los nuevos c\u00f3digos para Anime Destiny Simulator, consulta nuestras gu\u00edas de c\u00f3digos para <strong>Gym League<\/strong>, <strong>Fruit Battlegrounds<\/strong>, <strong>Once Human<\/strong> y <strong>Dead by Daylight<\/strong> para descubrir a\u00fan m\u00e1s regalos.<\/p>\n","protected":false},"excerpt":{"rendered":"<p>C\u00f3digos Activos para Anime Destiny Simulator Los c\u00f3digos para Anime Destiny Simulator en Roblox ofrecen una variedad de pociones que pueden aumentar tu da\u00f1o, su&#8230; <a href=\"https:\/\/www.mobilegamer.com.br\/es\/codigos-de-anime-destiny-simulator\">[Ler mais]<\/a><\/p>\n","protected":false},"author":11,"featured_media":129619,"parent":0,"menu_order":0,"comment_status":"closed","ping_status":"closed","template":"","meta":{"googlesitekit_rrm_CAown4j_Cg:productID":"","footnotes":""},"categories":[],"tags":[3648,3192],"class_list":{"0":"post-129856","1":"page","2":"type-page","3":"status-publish","4":"has-post-thumbnail","6":"tag-codigos-es","7":"tag-roblox-es"},"yoast_head":"<!-- This site is optimized with the Yoast SEO plugin v27.5 - https:\/\/yoast.com\/product\/yoast-seo-wordpress\/ -->\n<title>C\u00f3digos de Anime Destiny Simulator - Agosto 2024<\/title>\n<meta name=\"description\" content=\"C\u00f3digos Activos para Anime Destiny Simulator Los c\u00f3digos para Anime Destiny Simulator en Roblox ofrecen una variedad de pociones que pueden aumentar tu\" \/>\n<meta name=\"robots\" content=\"index, follow, max-snippet:-1, max-image-preview:large, max-video-preview:-1\" \/>\n<link rel=\"canonical\" href=\"https:\/\/www.mobilegamer.com.br\/es\/codigos-de-anime-destiny-simulator\" \/>\n<meta property=\"og:locale\" content=\"es_ES\" \/>\n<meta property=\"og:type\" content=\"article\" \/>\n<meta property=\"og:title\" content=\"C\u00f3digos de Anime Destiny Simulator - Agosto 2024\" \/>\n<meta property=\"og:description\" content=\"C\u00f3digos Activos para Anime Destiny Simulator Los c\u00f3digos para Anime Destiny Simulator en Roblox ofrecen una variedad de pociones que pueden aumentar tu\" \/>\n<meta property=\"og:url\" content=\"https:\/\/www.mobilegamer.com.br\/es\/codigos-de-anime-destiny-simulator\" \/>\n<meta property=\"og:site_name\" content=\"Mobile Gamer Brasil \u2013 Jogos Celular Android e iOS\" \/>\n<meta property=\"article:publisher\" content=\"https:\/\/www.facebook.com\/pages\/Mobile-Gamer-Brasil\/209172605804121\" \/>\n<meta property=\"og:image\" content=\"https:\/\/www.mobilegamer.com.br\/wp-content\/uploads\/2024\/07\/Anime-Destiny-Simulator.webp\" \/>\n\t<meta property=\"og:image:width\" content=\"768\" \/>\n\t<meta property=\"og:image:height\" content=\"432\" \/>\n\t<meta property=\"og:image:type\" content=\"image\/webp\" \/>\n<meta name=\"twitter:card\" content=\"summary_large_image\" \/>\n<meta name=\"twitter:site\" content=\"@mobilegamerbr\" \/>\n<!-- \/ Yoast SEO plugin. -->","yoast_head_json":{"title":"C\u00f3digos de Anime Destiny Simulator - Agosto 2024","description":"C\u00f3digos Activos para Anime Destiny Simulator Los c\u00f3digos para Anime Destiny Simulator en Roblox ofrecen una variedad de pociones que pueden aumentar tu","robots":{"index":"index","follow":"follow","max-snippet":"max-snippet:-1","max-image-preview":"max-image-preview:large","max-video-preview":"max-video-preview:-1"},"canonical":"https:\/\/www.mobilegamer.com.br\/es\/codigos-de-anime-destiny-simulator","og_locale":"es_ES","og_type":"article","og_title":"C\u00f3digos de Anime Destiny Simulator - Agosto 2024","og_description":"C\u00f3digos Activos para Anime Destiny Simulator Los c\u00f3digos para Anime Destiny Simulator en Roblox ofrecen una variedad de pociones que pueden aumentar tu","og_url":"https:\/\/www.mobilegamer.com.br\/es\/codigos-de-anime-destiny-simulator","og_site_name":"Mobile Gamer Brasil \u2013 Jogos Celular Android e iOS","article_publisher":"https:\/\/www.facebook.com\/pages\/Mobile-Gamer-Brasil\/209172605804121","og_image":[{"width":768,"height":432,"url":"https:\/\/www.mobilegamer.com.br\/wp-content\/uploads\/2024\/07\/Anime-Destiny-Simulator.webp","type":"image\/webp"}],"twitter_card":"summary_large_image","twitter_site":"@mobilegamerbr","schema":{"@context":"https:\/\/schema.org","@graph":[{"@type":"Article","@id":"https:\/\/www.mobilegamer.com.br\/es\/codigos-de-anime-destiny-simulator#article","isPartOf":{"@id":"https:\/\/www.mobilegamer.com.br\/es\/codigos-de-anime-destiny-simulator"},"author":{"name":"Reda\u00e7\u00e3o","@id":"https:\/\/www.mobilegamer.com.br\/es#\/schema\/person\/ac1bfb5f03bb010df619605cadf398f3"},"headline":"C\u00f3digos de Anime Destiny Simulator &#8211; Agosto 2024","datePublished":"2024-08-06T14:58:40+00:00","mainEntityOfPage":{"@id":"https:\/\/www.mobilegamer.com.br\/es\/codigos-de-anime-destiny-simulator"},"wordCount":413,"publisher":{"@id":"https:\/\/www.mobilegamer.com.br\/es#organization"},"image":{"@id":"https:\/\/www.mobilegamer.com.br\/es\/codigos-de-anime-destiny-simulator#primaryimage"},"thumbnailUrl":"https:\/\/www.mobilegamer.com.br\/wp-content\/uploads\/2024\/07\/Anime-Destiny-Simulator.webp","keywords":["C\u00f3digos","Roblox"],"inLanguage":"es"},{"@type":"WebPage","@id":"https:\/\/www.mobilegamer.com.br\/es\/codigos-de-anime-destiny-simulator","url":"https:\/\/www.mobilegamer.com.br\/es\/codigos-de-anime-destiny-simulator","name":"C\u00f3digos de Anime Destiny Simulator - Agosto 2024","isPartOf":{"@id":"https:\/\/www.mobilegamer.com.br\/es#website"},"primaryImageOfPage":{"@id":"https:\/\/www.mobilegamer.com.br\/es\/codigos-de-anime-destiny-simulator#primaryimage"},"image":{"@id":"https:\/\/www.mobilegamer.com.br\/es\/codigos-de-anime-destiny-simulator#primaryimage"},"thumbnailUrl":"https:\/\/www.mobilegamer.com.br\/wp-content\/uploads\/2024\/07\/Anime-Destiny-Simulator.webp","datePublished":"2024-08-06T14:58:40+00:00","description":"C\u00f3digos Activos para Anime Destiny Simulator Los c\u00f3digos para Anime Destiny Simulator en Roblox ofrecen una variedad de pociones que pueden aumentar tu","breadcrumb":{"@id":"https:\/\/www.mobilegamer.com.br\/es\/codigos-de-anime-destiny-simulator#breadcrumb"},"inLanguage":"es","potentialAction":[{"@type":"ReadAction","target":["https:\/\/www.mobilegamer.com.br\/es\/codigos-de-anime-destiny-simulator"]}]},{"@type":"ImageObject","inLanguage":"es","@id":"https:\/\/www.mobilegamer.com.br\/es\/codigos-de-anime-destiny-simulator#primaryimage","url":"https:\/\/www.mobilegamer.com.br\/wp-content\/uploads\/2024\/07\/Anime-Destiny-Simulator.webp","contentUrl":"https:\/\/www.mobilegamer.com.br\/wp-content\/uploads\/2024\/07\/Anime-Destiny-Simulator.webp","width":768,"height":432},{"@type":"BreadcrumbList","@id":"https:\/\/www.mobilegamer.com.br\/es\/codigos-de-anime-destiny-simulator#breadcrumb","itemListElement":[{"@type":"ListItem","position":1,"name":"In\u00edcio","item":"https:\/\/www.mobilegamer.com.br\/es"},{"@type":"ListItem","position":2,"name":"Roblox","item":"https:\/\/www.mobilegamer.com.br\/roblox"},{"@type":"ListItem","position":3,"name":"C\u00f3digos de Anime Destiny Simulator &#8211; Agosto 2024"}]},{"@type":"WebSite","@id":"https:\/\/www.mobilegamer.com.br\/es#website","url":"https:\/\/www.mobilegamer.com.br\/es","name":"Mobile Gamer Brasil","description":"Site dedicado aos jogos de celular. Android e iOS. Descubra novos lan\u00e7amentos, os melhores jogos e reviews completos no Mobile Gamer Brasil.","publisher":{"@id":"https:\/\/www.mobilegamer.com.br\/es#organization"},"alternateName":"Mobile Gamer Brasil","potentialAction":[{"@type":"SearchAction","target":{"@type":"EntryPoint","urlTemplate":"https:\/\/www.mobilegamer.com.br\/es?s={search_term_string}"},"query-input":{"@type":"PropertyValueSpecification","valueRequired":true,"valueName":"search_term_string"}}],"inLanguage":"es"},{"@type":"Organization","@id":"https:\/\/www.mobilegamer.com.br\/es#organization","name":"Mobile Gamer Brasil","alternateName":"Mobile Gamer Brasil","url":"https:\/\/www.mobilegamer.com.br\/es","logo":{"@type":"ImageObject","inLanguage":"es","@id":"https:\/\/www.mobilegamer.com.br\/es#\/schema\/logo\/image\/","url":"https:\/\/www.mobilegamer.com.br\/wp-content\/uploads\/2026\/04\/cropped-logo-2026-mobilegamer.webp","contentUrl":"https:\/\/www.mobilegamer.com.br\/wp-content\/uploads\/2026\/04\/cropped-logo-2026-mobilegamer.webp","width":326,"height":60,"caption":"Mobile Gamer Brasil"},"image":{"@id":"https:\/\/www.mobilegamer.com.br\/es#\/schema\/logo\/image\/"},"sameAs":["https:\/\/www.facebook.com\/pages\/Mobile-Gamer-Brasil\/209172605804121","https:\/\/x.com\/mobilegamerbr","https:\/\/www.youtube.com\/user\/mobilegamervideos\/videos"]},{"@type":"Person","@id":"https:\/\/www.mobilegamer.com.br\/es#\/schema\/person\/ac1bfb5f03bb010df619605cadf398f3","name":"Reda\u00e7\u00e3o","image":{"@type":"ImageObject","inLanguage":"es","@id":"https:\/\/secure.gravatar.com\/avatar\/a775097a5559d99a77e3b1105af832cc5c4e41d04782822133be5cf71a3b43c0?s=96&d=mm&r=g","url":"https:\/\/secure.gravatar.com\/avatar\/a775097a5559d99a77e3b1105af832cc5c4e41d04782822133be5cf71a3b43c0?s=96&d=mm&r=g","contentUrl":"https:\/\/secure.gravatar.com\/avatar\/a775097a5559d99a77e3b1105af832cc5c4e41d04782822133be5cf71a3b43c0?s=96&d=mm&r=g","caption":"Reda\u00e7\u00e3o"},"description":"Quer colaborar? Envie sua dica para o e-mail: contato.mobilegamerbrasil@gmail.com N\u00e3o se preocupe, n\u00e3o precisa ser um expert,basta ser apaixonado pelo assunto. Que assunto? Os nossos amados jogos para celular.","url":"https:\/\/www.mobilegamer.com.br\/es\/author\/mobilegamerbr"}]}},"_links":{"self":[{"href":"https:\/\/www.mobilegamer.com.br\/es\/wp-json\/wp\/v2\/pages\/129856","targetHints":{"allow":["GET"]}}],"collection":[{"href":"https:\/\/www.mobilegamer.com.br\/es\/wp-json\/wp\/v2\/pages"}],"about":[{"href":"https:\/\/www.mobilegamer.com.br\/es\/wp-json\/wp\/v2\/types\/page"}],"author":[{"embeddable":true,"href":"https:\/\/www.mobilegamer.com.br\/es\/wp-json\/wp\/v2\/users\/11"}],"replies":[{"embeddable":true,"href":"https:\/\/www.mobilegamer.com.br\/es\/wp-json\/wp\/v2\/comments?post=129856"}],"version-history":[{"count":1,"href":"https:\/\/www.mobilegamer.com.br\/es\/wp-json\/wp\/v2\/pages\/129856\/revisions"}],"predecessor-version":[{"id":129857,"href":"https:\/\/www.mobilegamer.com.br\/es\/wp-json\/wp\/v2\/pages\/129856\/revisions\/129857"}],"wp:featuredmedia":[{"embeddable":true,"href":"https:\/\/www.mobilegamer.com.br\/es\/wp-json\/wp\/v2\/media\/129619"}],"wp:attachment":[{"href":"https:\/\/www.mobilegamer.com.br\/es\/wp-json\/wp\/v2\/media?parent=129856"}],"wp:term":[{"taxonomy":"category","embeddable":true,"href":"https:\/\/www.mobilegamer.com.br\/es\/wp-json\/wp\/v2\/categories?post=129856"},{"taxonomy":"post_tag","embeddable":true,"href":"https:\/\/www.mobilegamer.com.br\/es\/wp-json\/wp\/v2\/tags?post=129856"}],"curies":[{"name":"wp","href":"https:\/\/api.w.org\/{rel}","templated":true}]}}