{"id":129849,"date":"2024-08-06T11:22:10","date_gmt":"2024-08-06T14:22:10","guid":{"rendered":"https:\/\/www.mobilegamer.com.br\/?page_id=129849"},"modified":"2024-08-06T11:22:10","modified_gmt":"2024-08-06T14:22:10","slug":"codigos-para-anime-legacy","status":"publish","type":"page","link":"https:\/\/www.mobilegamer.com.br\/es\/codigos-para-anime-legacy","title":{"rendered":"C\u00f3digos para Anime Legacy"},"content":{"rendered":"<p>\u00bfBuscas <strong>c\u00f3digos<\/strong> para el juego <strong>Anime Legacy<\/strong> de Roblox? Nosotros estamos m\u00e1s que felices de listarlos aqu\u00ed para que puedas enfocarte en sobresalir en un juego de Roblox que presenta una variedad de franquicias, como <strong>One Piece, Dragon Ball Z, My Hero Academia, Sword Art Online y mucho m\u00e1s.<\/strong><\/p>\n<p><img loading=\"lazy\" class=\"aligncenter size-full wp-image-107659\" src=\"https:\/\/www.mobilegamer.com.br\/wp-content\/uploads\/2023\/03\/anime-legacy-roblox.webp\" alt=\"\" width=\"800\" height=\"450\" srcset=\"https:\/\/www.mobilegamer.com.br\/wp-content\/uploads\/2023\/03\/anime-legacy-roblox.webp 640w, https:\/\/www.mobilegamer.com.br\/wp-content\/uploads\/2023\/03\/anime-legacy-roblox-300x169.webp 300w, https:\/\/www.mobilegamer.com.br\/wp-content\/uploads\/2023\/03\/anime-legacy-roblox-768x432.webp 768w, https:\/\/www.mobilegamer.com.br\/wp-content\/uploads\/2023\/03\/anime-legacy-roblox-320x180.webp 320w, https:\/\/www.mobilegamer.com.br\/wp-content\/uploads\/2023\/03\/anime-legacy-roblox-360x203.webp 360w, https:\/\/www.mobilegamer.com.br\/wp-content\/uploads\/2023\/03\/anime-legacy-roblox-720x405.webp 720w, https:\/\/www.mobilegamer.com.br\/wp-content\/uploads\/2023\/03\/anime-legacy-roblox-150x84.webp 150w, https:\/\/www.mobilegamer.com.br\/wp-content\/uploads\/2023\/03\/anime-legacy-roblox.webp 675w, https:\/\/www.mobilegamer.com.br\/wp-content\/uploads\/2023\/03\/anime-legacy-roblox.webp 800w\" sizes=\"auto, (max-width: 680px) 95vw, (max-width: 1024px) 75vw, 1024px\" \/><\/p>\n<p>Pero si quieres a\u00fan m\u00e1s cosas geniales, puedes consultar nuestros c\u00f3digos de Anime Adventures, c\u00f3digos de Project Bursting Rage, c\u00f3digos de Project Slayers, c\u00f3digos de Dead by Daylight y nuestras gu\u00edas para girar la rueda gratis de Coin Master. O, para ver qu\u00e9 m\u00e1s ofrece la plataforma de juegos, puedes consultar nuestras elecciones para los mejores juegos de Roblox.<\/p>\n<p>&nbsp;<\/p>\n<h2>C\u00f3digos activos de Anime Legacy:<\/h2>\n<ul>\n<li><strong>ToTheMoon<\/strong><\/li>\n<li><strong>NewHorror<\/strong><\/li>\n<li><strong>Booster<\/strong><\/li>\n<li><strong>Sp00ky2<\/strong><\/li>\n<li><strong>HollowsEveEXP<\/strong><\/li>\n<li><strong>ToTheMoon<\/strong><\/li>\n<li><strong>CandyMan<\/strong><\/li>\n<li><strong>HollowsEve<\/strong><\/li>\n<li><strong>Horseman<\/strong><\/li>\n<\/ul>\n<p>Anime Legacy codes son c\u00f3digos que otorgan \u00edtems valiosos dentro del juego y son proporcionados por el desarrollador, Crescent Studio. Pero hasta ahora, todav\u00eda no han lanzado ning\u00fan c\u00f3digo. En cuanto tengamos novedades, actualizaremos esta gu\u00eda y mostraremos c\u00f3mo canjear esos c\u00f3digos en el juego.<\/p>\n<p>Entonces, esto es lo que sabemos sobre los c\u00f3digos de Anime Legacy. Si deseas experimentar otras aventuras adem\u00e1s de Roblox, consulta nuestras recomendaciones de los mejores juegos de anime en Nintendo Switch y en dispositivos m\u00f3viles.<\/p>\n<p>&nbsp;<\/p>\n<h2>C\u00f3mo canjear los c\u00f3digos en Anime Legacy<\/h2>\n<p>Para canjear los c\u00f3digos de Anime Legacy, sigue estos pasos cuando est\u00e9n disponibles en el juego:<\/p>\n<ol>\n<li>Abre el juego de Roblox y haz clic en el bot\u00f3n &#8220;Configuraciones&#8221; en la esquina superior derecha de la pantalla.<\/li>\n<li>Selecciona &#8220;C\u00f3digos&#8221; en el men\u00fa que aparece.<\/li>\n<li>Introduce el c\u00f3digo de Anime Legacy en el cuadro de texto y haz clic en &#8220;Canjear&#8221;.<\/li>\n<li>Si el c\u00f3digo es v\u00e1lido, recibir\u00e1s un mensaje confirmando que el \u00edtem se ha a\u00f1adido a tu cuenta.<\/li>\n<\/ol>\n<p>Mantente atento para cuando los c\u00f3digos de Anime Legacy sean lanzados y sigue estos pasos para obtener tus \u00edtems en el juego.<\/p>\n<p>&nbsp;<\/p>\n<p>Consulta tambi\u00e9n:<\/p>\n<ul>\n<li><a href=\"https:\/\/mobilegamer.com.br\/gerador\/rodux-gratis.html\" rel=\"\"><strong>Generador de gift card Roblox<\/strong><\/a><\/li>\n<li><a href=\"https:\/\/www.mobilegamer.com.br\/shuudan-roblox-codes\" target=\"_blank\" rel=\"noopener\">C\u00f3digos shuudan Roblox codes gratis \u2013 mayo 2023<\/a><\/li>\n<\/ul>\n<p>&nbsp;<\/p>\n<p>&nbsp;<\/p>\n","protected":false},"excerpt":{"rendered":"<p>\u00bfBuscas c\u00f3digos para el juego Anime Legacy de Roblox? Nosotros estamos m\u00e1s que felices de listarlos aqu\u00ed para que puedas enfocarte en sobresalir en un juego de &#8230; <a href=\"https:\/\/www.mobilegamer.com.br\/es\/codigos-para-anime-legacy\">[Ler mais]<\/a><\/p>\n","protected":false},"author":11,"featured_media":107662,"parent":0,"menu_order":0,"comment_status":"closed","ping_status":"closed","template":"","meta":{"googlesitekit_rrm_CAown4j_Cg:productID":"","footnotes":""},"categories":[2970],"tags":[3648,3192],"class_list":{"0":"post-129849","1":"page","2":"type-page","3":"status-publish","4":"has-post-thumbnail","6":"category-codigos-2","7":"tag-codigos-es","8":"tag-roblox-es"},"yoast_head":"<!-- This site is optimized with the Yoast SEO plugin v27.5 - https:\/\/yoast.com\/product\/yoast-seo-wordpress\/ -->\n<title>C\u00f3digos para Anime Legacy<\/title>\n<meta name=\"description\" content=\"\u00bfBuscas c\u00f3digos para el juego Anime Legacy de Roblox? Nosotros estamos m\u00e1s que felices de listarlos aqu\u00ed para que puedas enfocarte en sobresalir en un\" \/>\n<meta name=\"robots\" content=\"index, follow, max-snippet:-1, max-image-preview:large, max-video-preview:-1\" \/>\n<link rel=\"canonical\" href=\"https:\/\/www.mobilegamer.com.br\/es\/codigos-para-anime-legacy\" \/>\n<meta property=\"og:locale\" content=\"es_ES\" \/>\n<meta property=\"og:type\" content=\"article\" \/>\n<meta property=\"og:title\" content=\"C\u00f3digos para Anime Legacy\" \/>\n<meta property=\"og:description\" content=\"\u00bfBuscas c\u00f3digos para el juego Anime Legacy de Roblox? Nosotros estamos m\u00e1s que felices de listarlos aqu\u00ed para que puedas enfocarte en sobresalir en un\" \/>\n<meta property=\"og:url\" content=\"https:\/\/www.mobilegamer.com.br\/es\/codigos-para-anime-legacy\" \/>\n<meta property=\"og:site_name\" content=\"Mobile Gamer Brasil \u2013 Jogos Celular Android e iOS\" \/>\n<meta property=\"article:publisher\" content=\"https:\/\/www.facebook.com\/pages\/Mobile-Gamer-Brasil\/209172605804121\" \/>\n<meta property=\"og:image\" content=\"https:\/\/www.mobilegamer.com.br\/wp-content\/uploads\/2023\/03\/anime-legacy-roblox.webp\" \/>\n\t<meta property=\"og:image:width\" content=\"800\" \/>\n\t<meta property=\"og:image:height\" content=\"450\" \/>\n\t<meta property=\"og:image:type\" content=\"image\/webp\" \/>\n<meta name=\"twitter:card\" content=\"summary_large_image\" \/>\n<meta name=\"twitter:site\" content=\"@mobilegamerbr\" \/>\n<!-- \/ Yoast SEO plugin. -->","yoast_head_json":{"title":"C\u00f3digos para Anime Legacy","description":"\u00bfBuscas c\u00f3digos para el juego Anime Legacy de Roblox? Nosotros estamos m\u00e1s que felices de listarlos aqu\u00ed para que puedas enfocarte en sobresalir en un","robots":{"index":"index","follow":"follow","max-snippet":"max-snippet:-1","max-image-preview":"max-image-preview:large","max-video-preview":"max-video-preview:-1"},"canonical":"https:\/\/www.mobilegamer.com.br\/es\/codigos-para-anime-legacy","og_locale":"es_ES","og_type":"article","og_title":"C\u00f3digos para Anime Legacy","og_description":"\u00bfBuscas c\u00f3digos para el juego Anime Legacy de Roblox? Nosotros estamos m\u00e1s que felices de listarlos aqu\u00ed para que puedas enfocarte en sobresalir en un","og_url":"https:\/\/www.mobilegamer.com.br\/es\/codigos-para-anime-legacy","og_site_name":"Mobile Gamer Brasil \u2013 Jogos Celular Android e iOS","article_publisher":"https:\/\/www.facebook.com\/pages\/Mobile-Gamer-Brasil\/209172605804121","og_image":[{"width":800,"height":450,"url":"https:\/\/www.mobilegamer.com.br\/wp-content\/uploads\/2023\/03\/anime-legacy-roblox.webp","type":"image\/webp"}],"twitter_card":"summary_large_image","twitter_site":"@mobilegamerbr","schema":{"@context":"https:\/\/schema.org","@graph":[{"@type":"Article","@id":"https:\/\/www.mobilegamer.com.br\/es\/codigos-para-anime-legacy#article","isPartOf":{"@id":"https:\/\/www.mobilegamer.com.br\/es\/codigos-para-anime-legacy"},"author":{"name":"Reda\u00e7\u00e3o","@id":"https:\/\/www.mobilegamer.com.br\/es#\/schema\/person\/ac1bfb5f03bb010df619605cadf398f3"},"headline":"C\u00f3digos para Anime Legacy","datePublished":"2024-08-06T14:22:10+00:00","mainEntityOfPage":{"@id":"https:\/\/www.mobilegamer.com.br\/es\/codigos-para-anime-legacy"},"wordCount":369,"publisher":{"@id":"https:\/\/www.mobilegamer.com.br\/es#organization"},"image":{"@id":"https:\/\/www.mobilegamer.com.br\/es\/codigos-para-anime-legacy#primaryimage"},"thumbnailUrl":"https:\/\/www.mobilegamer.com.br\/wp-content\/uploads\/2023\/03\/anime-legacy-roblox.webp","keywords":["C\u00f3digos","Roblox"],"articleSection":["c\u00f3digos"],"inLanguage":"es"},{"@type":"WebPage","@id":"https:\/\/www.mobilegamer.com.br\/es\/codigos-para-anime-legacy","url":"https:\/\/www.mobilegamer.com.br\/es\/codigos-para-anime-legacy","name":"C\u00f3digos para Anime Legacy","isPartOf":{"@id":"https:\/\/www.mobilegamer.com.br\/es#website"},"primaryImageOfPage":{"@id":"https:\/\/www.mobilegamer.com.br\/es\/codigos-para-anime-legacy#primaryimage"},"image":{"@id":"https:\/\/www.mobilegamer.com.br\/es\/codigos-para-anime-legacy#primaryimage"},"thumbnailUrl":"https:\/\/www.mobilegamer.com.br\/wp-content\/uploads\/2023\/03\/anime-legacy-roblox.webp","datePublished":"2024-08-06T14:22:10+00:00","description":"\u00bfBuscas c\u00f3digos para el juego Anime Legacy de Roblox? Nosotros estamos m\u00e1s que felices de listarlos aqu\u00ed para que puedas enfocarte en sobresalir en un","breadcrumb":{"@id":"https:\/\/www.mobilegamer.com.br\/es\/codigos-para-anime-legacy#breadcrumb"},"inLanguage":"es","potentialAction":[{"@type":"ReadAction","target":["https:\/\/www.mobilegamer.com.br\/es\/codigos-para-anime-legacy"]}]},{"@type":"ImageObject","inLanguage":"es","@id":"https:\/\/www.mobilegamer.com.br\/es\/codigos-para-anime-legacy#primaryimage","url":"https:\/\/www.mobilegamer.com.br\/wp-content\/uploads\/2023\/03\/anime-legacy-roblox.webp","contentUrl":"https:\/\/www.mobilegamer.com.br\/wp-content\/uploads\/2023\/03\/anime-legacy-roblox.webp","width":800,"height":450},{"@type":"BreadcrumbList","@id":"https:\/\/www.mobilegamer.com.br\/es\/codigos-para-anime-legacy#breadcrumb","itemListElement":[{"@type":"ListItem","position":1,"name":"In\u00edcio","item":"https:\/\/www.mobilegamer.com.br\/es"},{"@type":"ListItem","position":2,"name":"c\u00f3digos","item":"https:\/\/www.mobilegamer.com.br\/es\/codigos-2"},{"@type":"ListItem","position":3,"name":"C\u00f3digos para Anime Legacy"}]},{"@type":"WebSite","@id":"https:\/\/www.mobilegamer.com.br\/es#website","url":"https:\/\/www.mobilegamer.com.br\/es","name":"Mobile Gamer Brasil","description":"Site dedicado aos jogos de celular. Android e iOS. Descubra novos lan\u00e7amentos, os melhores jogos e reviews completos no Mobile Gamer Brasil.","publisher":{"@id":"https:\/\/www.mobilegamer.com.br\/es#organization"},"alternateName":"Mobile Gamer Brasil","potentialAction":[{"@type":"SearchAction","target":{"@type":"EntryPoint","urlTemplate":"https:\/\/www.mobilegamer.com.br\/es?s={search_term_string}"},"query-input":{"@type":"PropertyValueSpecification","valueRequired":true,"valueName":"search_term_string"}}],"inLanguage":"es"},{"@type":"Organization","@id":"https:\/\/www.mobilegamer.com.br\/es#organization","name":"Mobile Gamer Brasil","alternateName":"Mobile Gamer Brasil","url":"https:\/\/www.mobilegamer.com.br\/es","logo":{"@type":"ImageObject","inLanguage":"es","@id":"https:\/\/www.mobilegamer.com.br\/es#\/schema\/logo\/image\/","url":"https:\/\/www.mobilegamer.com.br\/wp-content\/uploads\/2026\/04\/cropped-logo-2026-mobilegamer.webp","contentUrl":"https:\/\/www.mobilegamer.com.br\/wp-content\/uploads\/2026\/04\/cropped-logo-2026-mobilegamer.webp","width":326,"height":60,"caption":"Mobile Gamer Brasil"},"image":{"@id":"https:\/\/www.mobilegamer.com.br\/es#\/schema\/logo\/image\/"},"sameAs":["https:\/\/www.facebook.com\/pages\/Mobile-Gamer-Brasil\/209172605804121","https:\/\/x.com\/mobilegamerbr","https:\/\/www.youtube.com\/user\/mobilegamervideos\/videos"]},{"@type":"Person","@id":"https:\/\/www.mobilegamer.com.br\/es#\/schema\/person\/ac1bfb5f03bb010df619605cadf398f3","name":"Reda\u00e7\u00e3o","image":{"@type":"ImageObject","inLanguage":"es","@id":"https:\/\/secure.gravatar.com\/avatar\/a775097a5559d99a77e3b1105af832cc5c4e41d04782822133be5cf71a3b43c0?s=96&d=mm&r=g","url":"https:\/\/secure.gravatar.com\/avatar\/a775097a5559d99a77e3b1105af832cc5c4e41d04782822133be5cf71a3b43c0?s=96&d=mm&r=g","contentUrl":"https:\/\/secure.gravatar.com\/avatar\/a775097a5559d99a77e3b1105af832cc5c4e41d04782822133be5cf71a3b43c0?s=96&d=mm&r=g","caption":"Reda\u00e7\u00e3o"},"description":"Quer colaborar? Envie sua dica para o e-mail: contato.mobilegamerbrasil@gmail.com N\u00e3o se preocupe, n\u00e3o precisa ser um expert,basta ser apaixonado pelo assunto. Que assunto? Os nossos amados jogos para celular.","url":"https:\/\/www.mobilegamer.com.br\/es\/author\/mobilegamerbr"}]}},"_links":{"self":[{"href":"https:\/\/www.mobilegamer.com.br\/es\/wp-json\/wp\/v2\/pages\/129849","targetHints":{"allow":["GET"]}}],"collection":[{"href":"https:\/\/www.mobilegamer.com.br\/es\/wp-json\/wp\/v2\/pages"}],"about":[{"href":"https:\/\/www.mobilegamer.com.br\/es\/wp-json\/wp\/v2\/types\/page"}],"author":[{"embeddable":true,"href":"https:\/\/www.mobilegamer.com.br\/es\/wp-json\/wp\/v2\/users\/11"}],"replies":[{"embeddable":true,"href":"https:\/\/www.mobilegamer.com.br\/es\/wp-json\/wp\/v2\/comments?post=129849"}],"version-history":[{"count":1,"href":"https:\/\/www.mobilegamer.com.br\/es\/wp-json\/wp\/v2\/pages\/129849\/revisions"}],"predecessor-version":[{"id":129850,"href":"https:\/\/www.mobilegamer.com.br\/es\/wp-json\/wp\/v2\/pages\/129849\/revisions\/129850"}],"wp:featuredmedia":[{"embeddable":true,"href":"https:\/\/www.mobilegamer.com.br\/es\/wp-json\/wp\/v2\/media\/107662"}],"wp:attachment":[{"href":"https:\/\/www.mobilegamer.com.br\/es\/wp-json\/wp\/v2\/media?parent=129849"}],"wp:term":[{"taxonomy":"category","embeddable":true,"href":"https:\/\/www.mobilegamer.com.br\/es\/wp-json\/wp\/v2\/categories?post=129849"},{"taxonomy":"post_tag","embeddable":true,"href":"https:\/\/www.mobilegamer.com.br\/es\/wp-json\/wp\/v2\/tags?post=129849"}],"curies":[{"name":"wp","href":"https:\/\/api.w.org\/{rel}","templated":true}]}}