{"id":129847,"date":"2024-08-06T11:15:27","date_gmt":"2024-08-06T14:15:27","guid":{"rendered":"https:\/\/www.mobilegamer.com.br\/?page_id=129847"},"modified":"2024-08-06T11:15:27","modified_gmt":"2024-08-06T14:15:27","slug":"codigos-para-toy-defense","status":"publish","type":"page","link":"https:\/\/www.mobilegamer.com.br\/es\/codigos-para-toy-defense","title":{"rendered":"C\u00f3digos para Toy Defense"},"content":{"rendered":"<p>Consulta estos nuevos c\u00f3digos de Roblox <strong>Toy Defense<\/strong> para conseguir muchos materiales de construcci\u00f3n y, lo m\u00e1s importante, \u00a1galletas para aumentar la diversi\u00f3n!<\/p>\n<p><img loading=\"lazy\" class=\"aligncenter size-full wp-image-117671\" src=\"https:\/\/www.mobilegamer.com.br\/wp-content\/uploads\/2023\/09\/toy-defense.webp\" alt=\"\" width=\"800\" height=\"450\" srcset=\"https:\/\/www.mobilegamer.com.br\/wp-content\/uploads\/2023\/09\/toy-defense.webp 640w, https:\/\/www.mobilegamer.com.br\/wp-content\/uploads\/2023\/09\/toy-defense-300x169.webp 300w, https:\/\/www.mobilegamer.com.br\/wp-content\/uploads\/2023\/09\/toy-defense-768x432.webp 768w, https:\/\/www.mobilegamer.com.br\/wp-content\/uploads\/2023\/09\/toy-defense-150x84.webp 150w, https:\/\/www.mobilegamer.com.br\/wp-content\/uploads\/2023\/09\/toy-defense.webp 675w, https:\/\/www.mobilegamer.com.br\/wp-content\/uploads\/2023\/09\/toy-defense.webp 800w\" sizes=\"auto, (max-width: 680px) 95vw, (max-width: 1024px) 75vw, 1024px\" \/><\/p>\n<p>La \u00faltima moda de Roblox llega en forma de soldaditos de juguete y construcci\u00f3n de fortalezas locas para defenderse de los enemigos. Por eso, hemos encontrado todos los c\u00f3digos de Toy Defense que funcionan para ti. Usa pedazos de cart\u00f3n y juguetes para construir una defensa poderosa y enfrentar oleadas y m\u00e1s oleadas de enemigos, ganando diferentes tipos de galletas. \u00a1Vamos, es hora de construir y luchar! \ud83c\udfae\ud83d\ude80<\/p>\n<p>Enlace del juego Toy Defense <a href=\"https:\/\/www.roblox.com\/games\/5607971791\/Toy-Defense\" target=\"_blank\" rel=\"noopener\">Aqu\u00ed<\/a>.<\/p>\n<h2>Nuevos c\u00f3digos para Toy Defense<\/h2>\n<p>&#8211; <strong>60KAYY<\/strong> \u2013 3,25 galletas<br \/>\n&#8211; <strong>OMG50K<\/strong> \u2013 3 galletas<br \/>\n&#8211; <strong>WOW40K<\/strong> \u2013 2,75 galletas<br \/>\n&#8211; <strong>THXTWENTYFIVE<\/strong> \u2013 galletas, 20 cajas de cart\u00f3n, 15 bloques de madera, 5 bloques de pl\u00e1stico, 10 bloques de papel aluminio<br \/>\n&#8211; <strong>15KWWW<\/strong> \u2013 recompensas gratis<br \/>\n&#8211; <strong>YAY13K<\/strong> \u2013 galletas, 40 cajas de cart\u00f3n, 20 cu\u00f1as de cart\u00f3n y un especialista<br \/>\n&#8211; <strong>TOYDEFENSEGIFT<\/strong> \u2013 40 estructuras de palillo de dientes y un recluta<\/p>\n<p>\u00a1Divi\u00e9rtete construyendo tus defensas con estos c\u00f3digos! \ud83d\ude04\ud83d\udee1\ufe0f\ud83c\udfae<\/p>\n<p>&nbsp;<\/p>\n<p><strong>C\u00f3digos caducados:<\/strong><\/p>\n<ul>\n<li>11KLIKES<\/li>\n<li>TDRELEASE<\/li>\n<li>LETSGO10K<\/li>\n<\/ul>\n<p>&nbsp;<\/p>\n<h2>\u00bfC\u00f3mo canjear c\u00f3digos de Toy Defense?<\/h2>\n<p>Aqu\u00ed tienes todo lo que necesitas saber sobre c\u00f3mo canjear un c\u00f3digo de Toy Defense:<\/p>\n<ol>\n<li>Abre Toy Defense en Roblox.<\/li>\n<li>Cuando est\u00e9s en el juego, haz clic en el bot\u00f3n de c\u00f3digos en el lado izquierdo de la pantalla.<\/li>\n<li>Pega o escribe un c\u00f3digo a la vez.<\/li>\n<li>Presiona &#8220;Enter&#8221; para canjear el c\u00f3digo.<\/li>\n<\/ol>\n<p>&nbsp;<\/p>\n<h2>\u00bfQu\u00e9 son los c\u00f3digos de Toy Defense?<\/h2>\n<p>El creador de Toy Defense, Glacid Games, lanza c\u00f3digos para celebrar hitos dentro del juego, como &#8220;me gusta&#8221; y recuento de jugadores. Estos c\u00f3digos ofrecen galletas (la moneda del juego), materiales de construcci\u00f3n e incluso algunos juguetes para usar en tu campo de batalla en miniatura.<\/p>\n<p>\u00bfQuieres m\u00e1s golosinas de juegos? Aqu\u00ed tienes todos los c\u00f3digos funcionales de <a href=\"https:\/\/www.mobilegamer.com.br\/codigos-project-slayers\">Project Slayers<\/a>, <a href=\"https:\/\/www.mobilegamer.com.br\/codigos-restaurant-tycoon-2\">Restaurant Tycoon 2<\/a>, <a href=\"https:\/\/www.mobilegamer.com.br\/codigos-undisputed-boxers\">Undisputed Boxers<\/a> y <a href=\"https:\/\/www.mobilegamer.com.br\/codigos-blox-fruits\">Blox Fruits<\/a>. Si est\u00e1s buscando informaci\u00f3n sobre otros juegos populares de Roblox, est\u00e1s en el lugar correcto. Sigue la etiqueta <a href=\"https:\/\/www.mobilegamer.com.br\/tag\/robox\">ROBLOX<\/a> en nuestro sitio. \ud83c\udfae\ud83d\udd25<\/p>\n<p>&nbsp;<\/p>\n","protected":false},"excerpt":{"rendered":"<p>Consulta estos nuevos c\u00f3digos de Roblox Toy Defense para conseguir muchos materiales de construcci\u00f3n y, lo m\u00e1s importante, \u00a1galletas para aumentar la diversi\u00f3n!&#8230; <a href=\"https:\/\/www.mobilegamer.com.br\/es\/codigos-para-toy-defense\">[Ler mais]<\/a><\/p>\n","protected":false},"author":11,"featured_media":117674,"parent":0,"menu_order":0,"comment_status":"closed","ping_status":"closed","template":"","meta":{"googlesitekit_rrm_CAown4j_Cg:productID":"","footnotes":""},"categories":[],"tags":[3648,3192],"class_list":{"0":"post-129847","1":"page","2":"type-page","3":"status-publish","4":"has-post-thumbnail","6":"tag-codigos-es","7":"tag-roblox-es"},"yoast_head":"<!-- This site is optimized with the Yoast SEO plugin v27.5 - https:\/\/yoast.com\/product\/yoast-seo-wordpress\/ -->\n<title>C\u00f3digos para Toy Defense<\/title>\n<meta name=\"description\" content=\"Consulta estos nuevos c\u00f3digos de Roblox Toy Defense para conseguir muchos materiales de construcci\u00f3n y, lo m\u00e1s importante, \u00a1galletas para aumentar la\" \/>\n<meta name=\"robots\" content=\"index, follow, max-snippet:-1, max-image-preview:large, max-video-preview:-1\" \/>\n<link rel=\"canonical\" href=\"https:\/\/www.mobilegamer.com.br\/es\/codigos-para-toy-defense\" \/>\n<meta property=\"og:locale\" content=\"es_ES\" \/>\n<meta property=\"og:type\" content=\"article\" \/>\n<meta property=\"og:title\" content=\"C\u00f3digos para Toy Defense\" \/>\n<meta property=\"og:description\" content=\"Consulta estos nuevos c\u00f3digos de Roblox Toy Defense para conseguir muchos materiales de construcci\u00f3n y, lo m\u00e1s importante, \u00a1galletas para aumentar la\" \/>\n<meta property=\"og:url\" content=\"https:\/\/www.mobilegamer.com.br\/es\/codigos-para-toy-defense\" \/>\n<meta property=\"og:site_name\" content=\"Mobile Gamer Brasil \u2013 Jogos Celular Android e iOS\" \/>\n<meta property=\"article:publisher\" content=\"https:\/\/www.facebook.com\/pages\/Mobile-Gamer-Brasil\/209172605804121\" \/>\n<meta property=\"og:image\" content=\"https:\/\/www.mobilegamer.com.br\/wp-content\/uploads\/2023\/09\/toy-defense.webp\" \/>\n\t<meta property=\"og:image:width\" content=\"800\" \/>\n\t<meta property=\"og:image:height\" content=\"450\" \/>\n\t<meta property=\"og:image:type\" content=\"image\/webp\" \/>\n<meta name=\"twitter:card\" content=\"summary_large_image\" \/>\n<meta name=\"twitter:site\" content=\"@mobilegamerbr\" \/>\n<!-- \/ Yoast SEO plugin. -->","yoast_head_json":{"title":"C\u00f3digos para Toy Defense","description":"Consulta estos nuevos c\u00f3digos de Roblox Toy Defense para conseguir muchos materiales de construcci\u00f3n y, lo m\u00e1s importante, \u00a1galletas para aumentar la","robots":{"index":"index","follow":"follow","max-snippet":"max-snippet:-1","max-image-preview":"max-image-preview:large","max-video-preview":"max-video-preview:-1"},"canonical":"https:\/\/www.mobilegamer.com.br\/es\/codigos-para-toy-defense","og_locale":"es_ES","og_type":"article","og_title":"C\u00f3digos para Toy Defense","og_description":"Consulta estos nuevos c\u00f3digos de Roblox Toy Defense para conseguir muchos materiales de construcci\u00f3n y, lo m\u00e1s importante, \u00a1galletas para aumentar la","og_url":"https:\/\/www.mobilegamer.com.br\/es\/codigos-para-toy-defense","og_site_name":"Mobile Gamer Brasil \u2013 Jogos Celular Android e iOS","article_publisher":"https:\/\/www.facebook.com\/pages\/Mobile-Gamer-Brasil\/209172605804121","og_image":[{"width":800,"height":450,"url":"https:\/\/www.mobilegamer.com.br\/wp-content\/uploads\/2023\/09\/toy-defense.webp","type":"image\/webp"}],"twitter_card":"summary_large_image","twitter_site":"@mobilegamerbr","schema":{"@context":"https:\/\/schema.org","@graph":[{"@type":"Article","@id":"https:\/\/www.mobilegamer.com.br\/es\/codigos-para-toy-defense#article","isPartOf":{"@id":"https:\/\/www.mobilegamer.com.br\/es\/codigos-para-toy-defense"},"author":{"name":"Reda\u00e7\u00e3o","@id":"https:\/\/www.mobilegamer.com.br\/es#\/schema\/person\/ac1bfb5f03bb010df619605cadf398f3"},"headline":"C\u00f3digos para Toy Defense","datePublished":"2024-08-06T14:15:27+00:00","mainEntityOfPage":{"@id":"https:\/\/www.mobilegamer.com.br\/es\/codigos-para-toy-defense"},"wordCount":367,"publisher":{"@id":"https:\/\/www.mobilegamer.com.br\/es#organization"},"image":{"@id":"https:\/\/www.mobilegamer.com.br\/es\/codigos-para-toy-defense#primaryimage"},"thumbnailUrl":"https:\/\/www.mobilegamer.com.br\/wp-content\/uploads\/2023\/09\/toy-defense.webp","keywords":["C\u00f3digos","Roblox"],"inLanguage":"es"},{"@type":"WebPage","@id":"https:\/\/www.mobilegamer.com.br\/es\/codigos-para-toy-defense","url":"https:\/\/www.mobilegamer.com.br\/es\/codigos-para-toy-defense","name":"C\u00f3digos para Toy Defense","isPartOf":{"@id":"https:\/\/www.mobilegamer.com.br\/es#website"},"primaryImageOfPage":{"@id":"https:\/\/www.mobilegamer.com.br\/es\/codigos-para-toy-defense#primaryimage"},"image":{"@id":"https:\/\/www.mobilegamer.com.br\/es\/codigos-para-toy-defense#primaryimage"},"thumbnailUrl":"https:\/\/www.mobilegamer.com.br\/wp-content\/uploads\/2023\/09\/toy-defense.webp","datePublished":"2024-08-06T14:15:27+00:00","description":"Consulta estos nuevos c\u00f3digos de Roblox Toy Defense para conseguir muchos materiales de construcci\u00f3n y, lo m\u00e1s importante, \u00a1galletas para aumentar la","breadcrumb":{"@id":"https:\/\/www.mobilegamer.com.br\/es\/codigos-para-toy-defense#breadcrumb"},"inLanguage":"es","potentialAction":[{"@type":"ReadAction","target":["https:\/\/www.mobilegamer.com.br\/es\/codigos-para-toy-defense"]}]},{"@type":"ImageObject","inLanguage":"es","@id":"https:\/\/www.mobilegamer.com.br\/es\/codigos-para-toy-defense#primaryimage","url":"https:\/\/www.mobilegamer.com.br\/wp-content\/uploads\/2023\/09\/toy-defense.webp","contentUrl":"https:\/\/www.mobilegamer.com.br\/wp-content\/uploads\/2023\/09\/toy-defense.webp","width":800,"height":450},{"@type":"BreadcrumbList","@id":"https:\/\/www.mobilegamer.com.br\/es\/codigos-para-toy-defense#breadcrumb","itemListElement":[{"@type":"ListItem","position":1,"name":"In\u00edcio","item":"https:\/\/www.mobilegamer.com.br\/es"},{"@type":"ListItem","position":2,"name":"C\u00f3digos para Toy Defense"}]},{"@type":"WebSite","@id":"https:\/\/www.mobilegamer.com.br\/es#website","url":"https:\/\/www.mobilegamer.com.br\/es","name":"Mobile Gamer Brasil","description":"Site dedicado aos jogos de celular. Android e iOS. Descubra novos lan\u00e7amentos, os melhores jogos e reviews completos no Mobile Gamer Brasil.","publisher":{"@id":"https:\/\/www.mobilegamer.com.br\/es#organization"},"alternateName":"Mobile Gamer Brasil","potentialAction":[{"@type":"SearchAction","target":{"@type":"EntryPoint","urlTemplate":"https:\/\/www.mobilegamer.com.br\/es?s={search_term_string}"},"query-input":{"@type":"PropertyValueSpecification","valueRequired":true,"valueName":"search_term_string"}}],"inLanguage":"es"},{"@type":"Organization","@id":"https:\/\/www.mobilegamer.com.br\/es#organization","name":"Mobile Gamer Brasil","alternateName":"Mobile Gamer Brasil","url":"https:\/\/www.mobilegamer.com.br\/es","logo":{"@type":"ImageObject","inLanguage":"es","@id":"https:\/\/www.mobilegamer.com.br\/es#\/schema\/logo\/image\/","url":"https:\/\/www.mobilegamer.com.br\/wp-content\/uploads\/2026\/04\/cropped-logo-2026-mobilegamer.webp","contentUrl":"https:\/\/www.mobilegamer.com.br\/wp-content\/uploads\/2026\/04\/cropped-logo-2026-mobilegamer.webp","width":326,"height":60,"caption":"Mobile Gamer Brasil"},"image":{"@id":"https:\/\/www.mobilegamer.com.br\/es#\/schema\/logo\/image\/"},"sameAs":["https:\/\/www.facebook.com\/pages\/Mobile-Gamer-Brasil\/209172605804121","https:\/\/x.com\/mobilegamerbr","https:\/\/www.youtube.com\/user\/mobilegamervideos\/videos"]},{"@type":"Person","@id":"https:\/\/www.mobilegamer.com.br\/es#\/schema\/person\/ac1bfb5f03bb010df619605cadf398f3","name":"Reda\u00e7\u00e3o","image":{"@type":"ImageObject","inLanguage":"es","@id":"https:\/\/secure.gravatar.com\/avatar\/a775097a5559d99a77e3b1105af832cc5c4e41d04782822133be5cf71a3b43c0?s=96&d=mm&r=g","url":"https:\/\/secure.gravatar.com\/avatar\/a775097a5559d99a77e3b1105af832cc5c4e41d04782822133be5cf71a3b43c0?s=96&d=mm&r=g","contentUrl":"https:\/\/secure.gravatar.com\/avatar\/a775097a5559d99a77e3b1105af832cc5c4e41d04782822133be5cf71a3b43c0?s=96&d=mm&r=g","caption":"Reda\u00e7\u00e3o"},"description":"Quer colaborar? Envie sua dica para o e-mail: contato.mobilegamerbrasil@gmail.com N\u00e3o se preocupe, n\u00e3o precisa ser um expert,basta ser apaixonado pelo assunto. Que assunto? Os nossos amados jogos para celular.","url":"https:\/\/www.mobilegamer.com.br\/es\/author\/mobilegamerbr"}]}},"_links":{"self":[{"href":"https:\/\/www.mobilegamer.com.br\/es\/wp-json\/wp\/v2\/pages\/129847","targetHints":{"allow":["GET"]}}],"collection":[{"href":"https:\/\/www.mobilegamer.com.br\/es\/wp-json\/wp\/v2\/pages"}],"about":[{"href":"https:\/\/www.mobilegamer.com.br\/es\/wp-json\/wp\/v2\/types\/page"}],"author":[{"embeddable":true,"href":"https:\/\/www.mobilegamer.com.br\/es\/wp-json\/wp\/v2\/users\/11"}],"replies":[{"embeddable":true,"href":"https:\/\/www.mobilegamer.com.br\/es\/wp-json\/wp\/v2\/comments?post=129847"}],"version-history":[{"count":1,"href":"https:\/\/www.mobilegamer.com.br\/es\/wp-json\/wp\/v2\/pages\/129847\/revisions"}],"predecessor-version":[{"id":129848,"href":"https:\/\/www.mobilegamer.com.br\/es\/wp-json\/wp\/v2\/pages\/129847\/revisions\/129848"}],"wp:featuredmedia":[{"embeddable":true,"href":"https:\/\/www.mobilegamer.com.br\/es\/wp-json\/wp\/v2\/media\/117674"}],"wp:attachment":[{"href":"https:\/\/www.mobilegamer.com.br\/es\/wp-json\/wp\/v2\/media?parent=129847"}],"wp:term":[{"taxonomy":"category","embeddable":true,"href":"https:\/\/www.mobilegamer.com.br\/es\/wp-json\/wp\/v2\/categories?post=129847"},{"taxonomy":"post_tag","embeddable":true,"href":"https:\/\/www.mobilegamer.com.br\/es\/wp-json\/wp\/v2\/tags?post=129847"}],"curies":[{"name":"wp","href":"https:\/\/api.w.org\/{rel}","templated":true}]}}