{"id":118793,"date":"2023-10-02T12:26:54","date_gmt":"2023-10-02T15:26:54","guid":{"rendered":"https:\/\/www.mobilegamer.com.br\/?page_id=118793"},"modified":"2023-10-02T12:27:38","modified_gmt":"2023-10-02T15:27:38","slug":"codigos-de-project-slayers-octubre-de-2023","status":"publish","type":"page","link":"https:\/\/www.mobilegamer.com.br\/es\/codigos-de-project-slayers-octubre-de-2023","title":{"rendered":"C\u00f3digos de Project Slayers &#8211; Octubre de 2023"},"content":{"rendered":"<p>\u00bfInteresado en los <strong>c\u00f3digos de Project Slayers<\/strong>? \u00a1Mira los c\u00f3digos para restablecer estad\u00edsticas y muchas recompensas en el juego!<\/p>\n<p>Roblox es un lugar maravilloso, especialmente si te gustan una variedad de animes y mangas, ya que puedes encontrar juegos inspirados en t\u00edtulos como <strong>My Hero Academia<\/strong>, <strong>One Piece<\/strong>, <strong>Sword Art Online<\/strong>, <strong>Dragon Ball Z<\/strong>, <strong>Demon Slayer<\/strong> y <strong>Tokyo Ghoul<\/strong>. Project Slayers, como sugiere el nombre, est\u00e1 influenciado por Demon Slayer, lo que significa que puedes esperar mucha acci\u00f3n.<\/p>\n<p><img loading=\"lazy\" class=\"aligncenter size-full wp-image-111174\" src=\"https:\/\/www.mobilegamer.com.br\/wp-content\/uploads\/2023\/05\/project-slayers.webp\" alt=\"\" width=\"800\" height=\"450\" srcset=\"https:\/\/www.mobilegamer.com.br\/wp-content\/uploads\/2023\/05\/project-slayers.webp 640w, https:\/\/www.mobilegamer.com.br\/wp-content\/uploads\/2023\/05\/project-slayers-300x169.webp 300w, https:\/\/www.mobilegamer.com.br\/wp-content\/uploads\/2023\/05\/project-slayers-768x432.webp 768w, https:\/\/www.mobilegamer.com.br\/wp-content\/uploads\/2023\/05\/project-slayers-320x180.webp 320w, https:\/\/www.mobilegamer.com.br\/wp-content\/uploads\/2023\/05\/project-slayers-360x203.webp 360w, https:\/\/www.mobilegamer.com.br\/wp-content\/uploads\/2023\/05\/project-slayers-720x405.webp 720w, https:\/\/www.mobilegamer.com.br\/wp-content\/uploads\/2023\/05\/project-slayers-150x84.webp 150w, https:\/\/www.mobilegamer.com.br\/wp-content\/uploads\/2023\/05\/project-slayers.webp 675w, https:\/\/www.mobilegamer.com.br\/wp-content\/uploads\/2023\/05\/project-slayers.webp 800w\" sizes=\"auto, (max-width: 680px) 95vw, (max-width: 1024px) 75vw, 1024px\" \/><\/p>\n<p>Si buscas recompensas, consulta nuestras gu\u00edas de c\u00f3digos de Anime Adventures, c\u00f3digos de Project Mugetsu, c\u00f3digos de Fruit Warriors, c\u00f3digos de Street Fighter: Duel, c\u00f3digos de Anime World Tower Defense, c\u00f3digos de Punch Wall Simulator, c\u00f3digos de Anime Story, c\u00f3digos de Sea Piece 2, c\u00f3digos de Anime Lost Simulator, c\u00f3digos de Free Fire, c\u00f3digos de A One Piece Game, c\u00f3digos de Dead by Daylight y c\u00f3digos de Anime Artifacts Simulator 2. O para ver qu\u00e9 m\u00e1s ofrece la plataforma de juegos, echa un vistazo a nuestra lista de los mejores juegos de Roblox.<\/p>\n<p>&nbsp;<\/p>\n<p>Actualizado en <p id=\"data\"><\/p>\r\n<script>\r\n\t\tvar hoje = new Date();\r\n\t\tvar data = hoje.toLocaleDateString();\r\n\t\tdocument.getElementById(\"data\").innerHTML = data;\r\n\t<\/script><\/p>\n<h2>\u00bfQu\u00e9 son los c\u00f3digos de Project Slayers?<\/h2>\n<p>Los c\u00f3digos de Project Slayers te proporcionan valiosas recompensas dentro del juego, cortes\u00eda del desarrollador Project Slayers, que suele agregar nuevos c\u00f3digos para cada hito alcanzado. As\u00ed que marca esta p\u00e1gina para mantenerte al d\u00eda con las \u00faltimas novedades.<\/p>\n<p><strong>\u00a1Nuevos c\u00f3digos!<\/strong><\/p>\n<p>&nbsp;<\/p>\n<ul data-injection=\"true\">\n<li><strong>obishowcase<\/strong> \u2013 diez giros art\u00edsticos y 50 giros<\/li>\n<li><strong>stone_breathing_spins<\/strong> \u2013 giros gratis<\/li>\n<li><strong>stone_breathing_race_reset<\/strong> \u2013 reinicio de carrera<\/li>\n<li><strong>stone_breathing_breathing_reset<\/strong> \u2013 reinicio de respiraci\u00f3n<\/li>\n<\/ul>\n<p>&nbsp;<\/p>\n<p><b>C\u00f3digos Expirados:<\/b><\/p>\n<ul>\n<li>Upd@ate1B1gCodE<\/li>\n<li>IncreasedDropsBreathReset<\/li>\n<li>IncreasedDropRaceReset<\/li>\n<li>400Klikes<\/li>\n<li>400Klikesracreset<\/li>\n<li>400Klikesbreathingreset<\/li>\n<li>Miniupdate3<\/li>\n<li>MiniUpdate3racereset<\/li>\n<li>Miniupdate3breathingreset<\/li>\n<li>350Kupvotes!<\/li>\n<li>350Kupvotes!Breathing<\/li>\n<li>lastcode?lol<\/li>\n<li>anotherdayanothershutdown<\/li>\n<li>300klikes!<\/li>\n<li>shutdownnumb2<\/li>\n<li>shutdown!<\/li>\n<li>miniupdate<\/li>\n<li>miniupdatedaily<\/li>\n<li>soryagainguys:V<\/li>\n<li>200K+upvotestysm<\/li>\n<li>sorryforanothershutdown<\/li>\n<li>100K+likesiglol<\/li>\n<li>werebackup<\/li>\n<li>Gettingthere!<\/li>\n<li>Sorryforshutdowns!<\/li>\n<li>FINALLYRELEASETIME!<\/li>\n<\/ul>\n<ul>\n<li>\n<ul>\n<li><strong>Thx4300MNOuwohanaIsBack<\/strong> \u2013 75 giros de clan, 15 giros art\u00edsticos, cinco giros diarios<\/li>\n<li><strong>Thx4300MNOuwohanaIsBackBreathReset<\/strong> \u2013 reinicio de respiraci\u00f3n<\/li>\n<li><strong>Thx4300MNOuwohanaIsBackRaceReset<\/strong> \u2013 reinicio de carrera<\/li>\n<li><strong>NewAntiExploit<\/strong> \u2013 25 giros de clan, cinco giros art\u00edsticos, un giro diario<\/li>\n<li><strong>Miniupdate1.5<\/strong> \u2013 35 giros de clan<\/li>\n<li><strong>SorryForIssuesToday<\/strong> \u2013 un giro diario, 25 giros de clan y nueve giros art\u00edsticos<\/li>\n<li><strong>!ThanksFor250MVisits<\/strong> \u2013 50 giros de clan, cinco giros de demonio y dos giros diarios<\/li>\n<li><strong>!500kLikeCode!<\/strong> \u2013 35 giros de clan, diez giros de demonio y dos giros diarios<\/li>\n<li><strong>Update1.5Spins<\/strong> \u2013 giros gratis<\/li>\n<li><strong>Update1.5BreathReset<\/strong> \u2013 reinicio de respiraci\u00f3n<\/li>\n<li><strong>Update1.5RaceReset<\/strong> \u2013 reinicio de carrera<\/li>\n<\/ul>\n<\/li>\n<\/ul>\n<ul>\n<li><strong>SorryForDataIssues<\/strong> \u2013 10 giros de demonio y 75 giros de clan<\/li>\n<li><strong>3AsTeRRaceReset<\/strong> &#8211; reinicio de carrera<\/li>\n<li><strong>H@pPy3AsTeR<\/strong> &#8211; recompensas<\/li>\n<li><strong>ThanksFor200MilVisitsBreathingReset<\/strong> &#8211; reinicio de respiraci\u00f3n<\/li>\n<li><strong>Roblox@ItAgain<\/strong> &#8211; 20 giros diarios, cinco giros de demonio y 100 giros de clan<\/li>\n<li><strong>ProjectShutdown<\/strong> &#8211; 15 giros diarios, 100 giros de clan y 20 giros de demonio<\/li>\n<li><strong>ProjectShutdownRace<\/strong> &#8211; reinicio de carrera<\/li>\n<li><strong>Roblox@ItAgainRaceReset<\/strong> &#8211; reinicio de carrera<\/li>\n<li><strong>Roblox@ItAgainBreathingReset<\/strong> &#8211; reinicio de respiraci\u00f3n<\/li>\n<li><strong>New500kLikesCode!<\/strong> &#8211; diez artes de demonio, 25 giros de clan y tres giros diarios<\/li>\n<li><strong>ThanksFor200milVisitsRaceReset!<\/strong> &#8211; reinicio de carrera<\/li>\n<li><strong>ThanksFor200milVisitsRace<\/strong> &#8211; reinicio de carrera<\/li>\n<li><strong>New500kLikesCode!<\/strong> &#8211; diez artes de demonio, 25 giros de clan y tres giros diarios<\/li>\n<li><strong>ThanksFor200milVisitsRaceReset!<\/strong> &#8211; reinicio de carrera<\/li>\n<li><strong>ProjectShutdownBreathing<\/strong> &#8211; reinicio de respiraci\u00f3n<\/li>\n<li><strong>ThanksFor500kVotes<\/strong> &#8211; 10 giros diarios, 75 giros de clan y 20 giros de demonio<\/li>\n<li><strong>HappyNewYears!<\/strong> &#8211; 50 giros de clan, diez giros de arte de demonio y cinco giros diarios<\/li>\n<li><strong>2023BreathingReset<\/strong> &#8211; reinicio de respiraci\u00f3n<\/li>\n<li><strong>HappyUpdateYears!<\/strong> &#8211; reinicio de carrera<\/li>\n<li><strong>MerryChristmas2022<\/strong> &#8211; recompensa<\/li>\n<li><strong>MerryChristmas2022RaceReset<\/strong> &#8211; reinicio de carrera<\/li>\n<li><strong>MerryChristmas2022BreathingReset<\/strong> &#8211; reinicio de respiraci\u00f3n<\/li>\n<\/ul>\n<h2>C\u00f3mo usar los c\u00f3digos de Project Slayers<\/h2>\n<p>A continuaci\u00f3n, te mostramos c\u00f3mo canjear los c\u00f3digos en Project Slayers:<\/p>\n<p>1. Abre Roblox<br \/>\n2. Inicia el juego Project Slayers<br \/>\n3. Abre el men\u00fa<br \/>\n4. Haz clic en el icono del libro<br \/>\n5. Ingresa el c\u00f3digo en el campo correspondiente<br \/>\n6. Haz clic en &#8220;Canjear&#8221;<br \/>\n7. \u00a1Disfruta de tus recompensas gratis!<\/p>\n<p>&nbsp;<\/p>\n<p>&nbsp;<\/p>\n","protected":false},"excerpt":{"rendered":"<p>\u00bfInteresado en los c\u00f3digos de Project Slayers? \u00a1Mira los c\u00f3digos para restablecer estad\u00edsticas y muchas recompensas en el juego! Roblox es un lugar maravilloso,&#8230; <a href=\"https:\/\/www.mobilegamer.com.br\/es\/codigos-de-project-slayers-octubre-de-2023\">[Ler mais]<\/a><\/p>\n","protected":false},"author":15,"featured_media":111177,"parent":0,"menu_order":0,"comment_status":"closed","ping_status":"closed","template":"","meta":{"googlesitekit_rrm_CAown4j_Cg:productID":"","footnotes":""},"categories":[],"tags":[],"class_list":["post-118793","page","type-page","status-publish","has-post-thumbnail"],"yoast_head":"<!-- This site is optimized with the Yoast SEO plugin v27.5 - https:\/\/yoast.com\/product\/yoast-seo-wordpress\/ -->\n<title>C\u00f3digos de Project Slayers - Octubre de 2023<\/title>\n<meta name=\"description\" content=\"\u00bfInteresado en los c\u00f3digos de Project Slayers? \u00a1Mira los c\u00f3digos para restablecer estad\u00edsticas y muchas recompensas en el juego! Roblox es un lugar\" \/>\n<meta name=\"robots\" content=\"index, follow, max-snippet:-1, max-image-preview:large, max-video-preview:-1\" \/>\n<link rel=\"canonical\" href=\"https:\/\/www.mobilegamer.com.br\/es\/codigos-de-project-slayers-octubre-de-2023\" \/>\n<meta property=\"og:locale\" content=\"es_ES\" \/>\n<meta property=\"og:type\" content=\"article\" \/>\n<meta property=\"og:title\" content=\"C\u00f3digos de Project Slayers - Octubre de 2023\" \/>\n<meta property=\"og:description\" content=\"\u00bfInteresado en los c\u00f3digos de Project Slayers? \u00a1Mira los c\u00f3digos para restablecer estad\u00edsticas y muchas recompensas en el juego! Roblox es un lugar\" \/>\n<meta property=\"og:url\" content=\"https:\/\/www.mobilegamer.com.br\/es\/codigos-de-project-slayers-octubre-de-2023\" \/>\n<meta property=\"og:site_name\" content=\"Mobile Gamer Brasil \u2013 Jogos Celular Android e iOS\" \/>\n<meta property=\"article:publisher\" content=\"https:\/\/www.facebook.com\/pages\/Mobile-Gamer-Brasil\/209172605804121\" \/>\n<meta property=\"article:modified_time\" content=\"2023-10-02T15:27:38+00:00\" \/>\n<meta property=\"og:image\" content=\"https:\/\/www.mobilegamer.com.br\/wp-content\/uploads\/2023\/05\/project-slayers.webp\" \/>\n\t<meta property=\"og:image:width\" content=\"800\" \/>\n\t<meta property=\"og:image:height\" content=\"450\" \/>\n\t<meta property=\"og:image:type\" content=\"image\/webp\" \/>\n<meta name=\"twitter:card\" content=\"summary_large_image\" \/>\n<meta name=\"twitter:site\" content=\"@mobilegamerbr\" \/>\n<!-- \/ Yoast SEO plugin. -->","yoast_head_json":{"title":"C\u00f3digos de Project Slayers - Octubre de 2023","description":"\u00bfInteresado en los c\u00f3digos de Project Slayers? \u00a1Mira los c\u00f3digos para restablecer estad\u00edsticas y muchas recompensas en el juego! Roblox es un lugar","robots":{"index":"index","follow":"follow","max-snippet":"max-snippet:-1","max-image-preview":"max-image-preview:large","max-video-preview":"max-video-preview:-1"},"canonical":"https:\/\/www.mobilegamer.com.br\/es\/codigos-de-project-slayers-octubre-de-2023","og_locale":"es_ES","og_type":"article","og_title":"C\u00f3digos de Project Slayers - Octubre de 2023","og_description":"\u00bfInteresado en los c\u00f3digos de Project Slayers? \u00a1Mira los c\u00f3digos para restablecer estad\u00edsticas y muchas recompensas en el juego! Roblox es un lugar","og_url":"https:\/\/www.mobilegamer.com.br\/es\/codigos-de-project-slayers-octubre-de-2023","og_site_name":"Mobile Gamer Brasil \u2013 Jogos Celular Android e iOS","article_publisher":"https:\/\/www.facebook.com\/pages\/Mobile-Gamer-Brasil\/209172605804121","article_modified_time":"2023-10-02T15:27:38+00:00","og_image":[{"width":800,"height":450,"url":"https:\/\/www.mobilegamer.com.br\/wp-content\/uploads\/2023\/05\/project-slayers.webp","type":"image\/webp"}],"twitter_card":"summary_large_image","twitter_site":"@mobilegamerbr","schema":{"@context":"https:\/\/schema.org","@graph":[{"@type":"Article","@id":"https:\/\/www.mobilegamer.com.br\/es\/codigos-de-project-slayers-octubre-de-2023#article","isPartOf":{"@id":"https:\/\/www.mobilegamer.com.br\/es\/codigos-de-project-slayers-octubre-de-2023"},"author":{"name":"Dario Coutinho","@id":"https:\/\/www.mobilegamer.com.br\/es#\/schema\/person\/976e425f91280f39c07a955e8a789e24"},"headline":"C\u00f3digos de Project Slayers &#8211; Octubre de 2023","datePublished":"2023-10-02T15:26:54+00:00","dateModified":"2023-10-02T15:27:38+00:00","mainEntityOfPage":{"@id":"https:\/\/www.mobilegamer.com.br\/es\/codigos-de-project-slayers-octubre-de-2023"},"wordCount":648,"publisher":{"@id":"https:\/\/www.mobilegamer.com.br\/es#organization"},"image":{"@id":"https:\/\/www.mobilegamer.com.br\/es\/codigos-de-project-slayers-octubre-de-2023#primaryimage"},"thumbnailUrl":"https:\/\/www.mobilegamer.com.br\/wp-content\/uploads\/2023\/05\/project-slayers.webp","inLanguage":"es"},{"@type":"WebPage","@id":"https:\/\/www.mobilegamer.com.br\/es\/codigos-de-project-slayers-octubre-de-2023","url":"https:\/\/www.mobilegamer.com.br\/es\/codigos-de-project-slayers-octubre-de-2023","name":"C\u00f3digos de Project Slayers - Octubre de 2023","isPartOf":{"@id":"https:\/\/www.mobilegamer.com.br\/es#website"},"primaryImageOfPage":{"@id":"https:\/\/www.mobilegamer.com.br\/es\/codigos-de-project-slayers-octubre-de-2023#primaryimage"},"image":{"@id":"https:\/\/www.mobilegamer.com.br\/es\/codigos-de-project-slayers-octubre-de-2023#primaryimage"},"thumbnailUrl":"https:\/\/www.mobilegamer.com.br\/wp-content\/uploads\/2023\/05\/project-slayers.webp","datePublished":"2023-10-02T15:26:54+00:00","dateModified":"2023-10-02T15:27:38+00:00","description":"\u00bfInteresado en los c\u00f3digos de Project Slayers? \u00a1Mira los c\u00f3digos para restablecer estad\u00edsticas y muchas recompensas en el juego! Roblox es un lugar","breadcrumb":{"@id":"https:\/\/www.mobilegamer.com.br\/es\/codigos-de-project-slayers-octubre-de-2023#breadcrumb"},"inLanguage":"es","potentialAction":[{"@type":"ReadAction","target":["https:\/\/www.mobilegamer.com.br\/es\/codigos-de-project-slayers-octubre-de-2023"]}]},{"@type":"ImageObject","inLanguage":"es","@id":"https:\/\/www.mobilegamer.com.br\/es\/codigos-de-project-slayers-octubre-de-2023#primaryimage","url":"https:\/\/www.mobilegamer.com.br\/wp-content\/uploads\/2023\/05\/project-slayers.webp","contentUrl":"https:\/\/www.mobilegamer.com.br\/wp-content\/uploads\/2023\/05\/project-slayers.webp","width":800,"height":450},{"@type":"BreadcrumbList","@id":"https:\/\/www.mobilegamer.com.br\/es\/codigos-de-project-slayers-octubre-de-2023#breadcrumb","itemListElement":[{"@type":"ListItem","position":1,"name":"In\u00edcio","item":"https:\/\/www.mobilegamer.com.br\/es"},{"@type":"ListItem","position":2,"name":"C\u00f3digos de Project Slayers &#8211; Octubre de 2023"}]},{"@type":"WebSite","@id":"https:\/\/www.mobilegamer.com.br\/es#website","url":"https:\/\/www.mobilegamer.com.br\/es","name":"Mobile Gamer Brasil","description":"Site dedicado aos jogos de celular. Android e iOS. Descubra novos lan\u00e7amentos, os melhores jogos e reviews completos no Mobile Gamer Brasil.","publisher":{"@id":"https:\/\/www.mobilegamer.com.br\/es#organization"},"alternateName":"Mobile Gamer Brasil","potentialAction":[{"@type":"SearchAction","target":{"@type":"EntryPoint","urlTemplate":"https:\/\/www.mobilegamer.com.br\/es?s={search_term_string}"},"query-input":{"@type":"PropertyValueSpecification","valueRequired":true,"valueName":"search_term_string"}}],"inLanguage":"es"},{"@type":"Organization","@id":"https:\/\/www.mobilegamer.com.br\/es#organization","name":"Mobile Gamer Brasil","alternateName":"Mobile Gamer Brasil","url":"https:\/\/www.mobilegamer.com.br\/es","logo":{"@type":"ImageObject","inLanguage":"es","@id":"https:\/\/www.mobilegamer.com.br\/es#\/schema\/logo\/image\/","url":"https:\/\/www.mobilegamer.com.br\/wp-content\/uploads\/2026\/04\/cropped-logo-2026-mobilegamer.webp","contentUrl":"https:\/\/www.mobilegamer.com.br\/wp-content\/uploads\/2026\/04\/cropped-logo-2026-mobilegamer.webp","width":326,"height":60,"caption":"Mobile Gamer Brasil"},"image":{"@id":"https:\/\/www.mobilegamer.com.br\/es#\/schema\/logo\/image\/"},"sameAs":["https:\/\/www.facebook.com\/pages\/Mobile-Gamer-Brasil\/209172605804121","https:\/\/x.com\/mobilegamerbr","https:\/\/www.youtube.com\/user\/mobilegamervideos\/videos"]},{"@type":"Person","@id":"https:\/\/www.mobilegamer.com.br\/es#\/schema\/person\/976e425f91280f39c07a955e8a789e24","name":"Dario Coutinho","image":{"@type":"ImageObject","inLanguage":"es","@id":"https:\/\/secure.gravatar.com\/avatar\/2b9d2e92a3bb6c37c4896f7dea46b2ff54261a7713553663146826995fdf8495?s=96&d=mm&r=g","url":"https:\/\/secure.gravatar.com\/avatar\/2b9d2e92a3bb6c37c4896f7dea46b2ff54261a7713553663146826995fdf8495?s=96&d=mm&r=g","contentUrl":"https:\/\/secure.gravatar.com\/avatar\/2b9d2e92a3bb6c37c4896f7dea46b2ff54261a7713553663146826995fdf8495?s=96&d=mm&r=g","caption":"Dario Coutinho"},"description":"O \"Gamer de Celular\" Original. Criou um dos primeiros sites sobre jogos para celular em 2007, que viria a se tornar o Mobile Gamer Brasil em 2009. Formado em Ci\u00eancia da Computa\u00e7\u00e3o, escreve sobre tecnologia h\u00e1 mais de 16 anos. Com passagem por revistas de games (EGW, Arkade) e sites renomados como Techtudo. E-mail para contato: dario@mobilegamer.com.br","sameAs":["https:\/\/www.facebook.com\/dariojmcoutinho","https:\/\/www.linkedin.com\/in\/dario-jose-martins-coutinho-18511b46\/","https:\/\/x.com\/https:\/\/x.com\/GamerVelho","https:\/\/www.youtube.com\/dariocoutinho"],"url":"https:\/\/www.mobilegamer.com.br\/es\/author\/dariocoutinho"}]}},"_links":{"self":[{"href":"https:\/\/www.mobilegamer.com.br\/es\/wp-json\/wp\/v2\/pages\/118793","targetHints":{"allow":["GET"]}}],"collection":[{"href":"https:\/\/www.mobilegamer.com.br\/es\/wp-json\/wp\/v2\/pages"}],"about":[{"href":"https:\/\/www.mobilegamer.com.br\/es\/wp-json\/wp\/v2\/types\/page"}],"author":[{"embeddable":true,"href":"https:\/\/www.mobilegamer.com.br\/es\/wp-json\/wp\/v2\/users\/15"}],"replies":[{"embeddable":true,"href":"https:\/\/www.mobilegamer.com.br\/es\/wp-json\/wp\/v2\/comments?post=118793"}],"version-history":[{"count":1,"href":"https:\/\/www.mobilegamer.com.br\/es\/wp-json\/wp\/v2\/pages\/118793\/revisions"}],"predecessor-version":[{"id":118794,"href":"https:\/\/www.mobilegamer.com.br\/es\/wp-json\/wp\/v2\/pages\/118793\/revisions\/118794"}],"wp:featuredmedia":[{"embeddable":true,"href":"https:\/\/www.mobilegamer.com.br\/es\/wp-json\/wp\/v2\/media\/111177"}],"wp:attachment":[{"href":"https:\/\/www.mobilegamer.com.br\/es\/wp-json\/wp\/v2\/media?parent=118793"}],"wp:term":[{"taxonomy":"category","embeddable":true,"href":"https:\/\/www.mobilegamer.com.br\/es\/wp-json\/wp\/v2\/categories?post=118793"},{"taxonomy":"post_tag","embeddable":true,"href":"https:\/\/www.mobilegamer.com.br\/es\/wp-json\/wp\/v2\/tags?post=118793"}],"curies":[{"name":"wp","href":"https:\/\/api.w.org\/{rel}","templated":true}]}}