{"id":113373,"date":"2023-06-13T21:06:48","date_gmt":"2023-06-14T00:06:48","guid":{"rendered":"https:\/\/www.mobilegamer.com.br\/?page_id=113373"},"modified":"2023-06-13T21:07:41","modified_gmt":"2023-06-14T00:07:41","slug":"aanime-rising-codes","status":"publish","type":"page","link":"https:\/\/www.mobilegamer.com.br\/es\/aanime-rising-codes","title":{"rendered":"C\u00f3digos para Anime Rising Codes &#8211; Junho 2023 &#8211; Roblox"},"content":{"rendered":"<p>Conoce <strong>c\u00f3digos<\/strong> para usar en el juego <strong>Anime Rising<\/strong> y obtener recompensas como pociones e impulsos.<\/p>\n<p><img loading=\"lazy\" class=\"aligncenter size-full wp-image-113367\" src=\"https:\/\/www.mobilegamer.com.br\/wp-content\/uploads\/2023\/06\/anime-rising.webp\" alt=\"\" width=\"800\" height=\"450\" srcset=\"https:\/\/www.mobilegamer.com.br\/wp-content\/uploads\/2023\/06\/anime-rising.webp 640w, https:\/\/www.mobilegamer.com.br\/wp-content\/uploads\/2023\/06\/anime-rising-300x169.webp 300w, https:\/\/www.mobilegamer.com.br\/wp-content\/uploads\/2023\/06\/anime-rising-768x432.webp 768w, https:\/\/www.mobilegamer.com.br\/wp-content\/uploads\/2023\/06\/anime-rising-600x338.webp 600w, https:\/\/www.mobilegamer.com.br\/wp-content\/uploads\/2023\/06\/anime-rising-200x113.webp 200w, https:\/\/www.mobilegamer.com.br\/wp-content\/uploads\/2023\/06\/anime-rising-150x84.webp 150w, https:\/\/www.mobilegamer.com.br\/wp-content\/uploads\/2023\/06\/anime-rising.webp 675w, https:\/\/www.mobilegamer.com.br\/wp-content\/uploads\/2023\/06\/anime-rising.webp 800w\" sizes=\"auto, (max-width: 680px) 95vw, (max-width: 1024px) 75vw, 1024px\" \/><\/p>\n<p>Anime Rising es un juego de Roblox que re\u00fane a los mejores personajes de animes como Naruto, Bleach, Black Cover, Hunter x Hunter, Hajime no Ippo, Jo Jo Bizarre Adventure y muchos otros.<\/p>\n<p>El juego es muy sencillo, elimina enemigos para volverte fuerte y as\u00ed poder luchar en l\u00ednea contra otros jugadores.<\/p>\n<p>Si no conoces Anime Rising, puedes descargar y jugar la experiencia directamente desde el <a href=\"https:\/\/www.roblox.com\/games\/11978447465\/2x-UPD-7-Anime-Rising-Fighting\" target=\"_blank\" rel=\"nofollow noopener\">sitio web de Roblox<\/a>. Actualmente, el juego tiene un evento de experiencia x2, as\u00ed que aprovecha para jugar y subir de nivel.<\/p>\n<p>&nbsp;<\/p>\n<h2>C\u00f3digos activos para Anime Rising<\/h2>\n<ul>\n<li><strong>ONEHITMAN<\/strong> \u2013 tres pociones de poder (\u00a1nuevo!)<\/li>\n<li><strong>SORRYFORTIMETRIAL<\/strong> \u2013 tres pociones de poder (\u00a1nuevo!)<\/li>\n<li><strong>GRIMOIRES<\/strong> \u2013 tres pociones de da\u00f1o (\u00a1nuevo!)<\/li>\n<li><strong>1MVISITS<\/strong> \u2013 impulsos<\/li>\n<li><strong>RAGNAROK<\/strong> \u2013 impulsos<\/li>\n<li><strong>5KLIKES<\/strong> \u2013 impulsos<\/li>\n<li><strong>DARKCLOVER<\/strong> \u2013 impulsos<\/li>\n<li><strong>IHAVEROBLOX<\/strong> \u2013 dos pociones de poder<\/li>\n<li><strong>SRRYFORRAIDS<\/strong> \u2013 impulsos<\/li>\n<li><strong>RAIDREWRITE<\/strong> \u2013 impulso<\/li>\n<li><strong>2KLIKES<\/strong> \u2013 impulso de poci\u00f3n<\/li>\n<li><strong>KAIZEMWORLD<\/strong> \u2013 dos pociones de suerte<\/li>\n<li><strong>ANTWORLD<\/strong> \u2013 dos pociones de da\u00f1o<\/li>\n<li><strong>1KLIKES<\/strong> \u2013 impulso<\/li>\n<li><strong>Release<\/strong> \u2013 100 poder<\/li>\n<\/ul>\n<p>x<\/p>\n<h2>\u00bfC\u00f3mo canjear los c\u00f3digos de Anime Rising Fighting?<\/h2>\n<p>Para canjear los c\u00f3digos de Anime Rising Fighting, sigue estos pasos:<\/p>\n<ol>\n<li>Inicia Roblox<\/li>\n<li>Abre Anime Rising Fighting<\/li>\n<li>Toca el \u00edcono de Twitter<\/li>\n<li>Ingresa tu c\u00f3digo<\/li>\n<li>Haz clic en canjear<\/li>\n<li>\u00a1Disfruta de tu regalo gratuito!<\/li>\n<\/ol>\n<h2>\u00bfQui\u00e9n proporciona los c\u00f3digos de Anime Rising Fighting?<\/h2>\n<p>Gracias al desarrollador, Speed Block, los c\u00f3digos de Anime Rising Fighting<\/p>\n<p>te ofrecen una variedad de elementos dentro del juego, como mejoras y pociones. Los nuevos c\u00f3digos suelen lanzarse cuando se alcanzan nuevos hitos, as\u00ed que es mejor que agregues esta p\u00e1gina a tus favoritos para mantenerte al d\u00eda con los \u00faltimos obsequios.<\/p>\n<p>&nbsp;<\/p>\n<p>&nbsp;<\/p>\n<p>&nbsp;<\/p>\n","protected":false},"excerpt":{"rendered":"<p>Conoce c\u00f3digos para usar en el juego Anime Rising y obtener recompensas como pociones e impulsos. Anime Rising es un juego de Roblox que re\u00fane a los mejores per&#8230; <a href=\"https:\/\/www.mobilegamer.com.br\/es\/aanime-rising-codes\">[Ler mais]<\/a><\/p>\n","protected":false},"author":15,"featured_media":113370,"parent":0,"menu_order":0,"comment_status":"closed","ping_status":"closed","template":"","meta":{"googlesitekit_rrm_CAown4j_Cg:productID":"","footnotes":""},"categories":[],"tags":[],"class_list":["post-113373","page","type-page","status-publish","has-post-thumbnail"],"yoast_head":"<!-- This site is optimized with the Yoast SEO plugin v27.5 - https:\/\/yoast.com\/product\/yoast-seo-wordpress\/ -->\n<title>C\u00f3digos para Anime Rising Codes - Junho 2023 - Roblox<\/title>\n<meta name=\"description\" content=\"Conoce c\u00f3digos para usar en el juego Anime Rising y obtener recompensas como pociones e impulsos. Anime Rising es un juego de Roblox que re\u00fane a los\" \/>\n<meta name=\"robots\" content=\"index, follow, max-snippet:-1, max-image-preview:large, max-video-preview:-1\" \/>\n<link rel=\"canonical\" href=\"https:\/\/www.mobilegamer.com.br\/es\/aanime-rising-codes\" \/>\n<meta property=\"og:locale\" content=\"es_ES\" \/>\n<meta property=\"og:type\" content=\"article\" \/>\n<meta property=\"og:title\" content=\"C\u00f3digos para Anime Rising Codes - Junho 2023 - Roblox\" \/>\n<meta property=\"og:description\" content=\"Conoce c\u00f3digos para usar en el juego Anime Rising y obtener recompensas como pociones e impulsos. Anime Rising es un juego de Roblox que re\u00fane a los\" \/>\n<meta property=\"og:url\" content=\"https:\/\/www.mobilegamer.com.br\/es\/aanime-rising-codes\" \/>\n<meta property=\"og:site_name\" content=\"Mobile Gamer Brasil \u2013 Jogos Celular Android e iOS\" \/>\n<meta property=\"article:publisher\" content=\"https:\/\/www.facebook.com\/pages\/Mobile-Gamer-Brasil\/209172605804121\" \/>\n<meta property=\"article:modified_time\" content=\"2023-06-14T00:07:41+00:00\" \/>\n<meta property=\"og:image\" content=\"https:\/\/www.mobilegamer.com.br\/wp-content\/uploads\/2023\/06\/anime-rising.webp\" \/>\n\t<meta property=\"og:image:width\" content=\"800\" \/>\n\t<meta property=\"og:image:height\" content=\"450\" \/>\n\t<meta property=\"og:image:type\" content=\"image\/webp\" \/>\n<meta name=\"twitter:card\" content=\"summary_large_image\" \/>\n<meta name=\"twitter:site\" content=\"@mobilegamerbr\" \/>\n<!-- \/ Yoast SEO plugin. -->","yoast_head_json":{"title":"C\u00f3digos para Anime Rising Codes - Junho 2023 - Roblox","description":"Conoce c\u00f3digos para usar en el juego Anime Rising y obtener recompensas como pociones e impulsos. Anime Rising es un juego de Roblox que re\u00fane a los","robots":{"index":"index","follow":"follow","max-snippet":"max-snippet:-1","max-image-preview":"max-image-preview:large","max-video-preview":"max-video-preview:-1"},"canonical":"https:\/\/www.mobilegamer.com.br\/es\/aanime-rising-codes","og_locale":"es_ES","og_type":"article","og_title":"C\u00f3digos para Anime Rising Codes - Junho 2023 - Roblox","og_description":"Conoce c\u00f3digos para usar en el juego Anime Rising y obtener recompensas como pociones e impulsos. Anime Rising es un juego de Roblox que re\u00fane a los","og_url":"https:\/\/www.mobilegamer.com.br\/es\/aanime-rising-codes","og_site_name":"Mobile Gamer Brasil \u2013 Jogos Celular Android e iOS","article_publisher":"https:\/\/www.facebook.com\/pages\/Mobile-Gamer-Brasil\/209172605804121","article_modified_time":"2023-06-14T00:07:41+00:00","og_image":[{"width":800,"height":450,"url":"https:\/\/www.mobilegamer.com.br\/wp-content\/uploads\/2023\/06\/anime-rising.webp","type":"image\/webp"}],"twitter_card":"summary_large_image","twitter_site":"@mobilegamerbr","schema":{"@context":"https:\/\/schema.org","@graph":[{"@type":"Article","@id":"https:\/\/www.mobilegamer.com.br\/es\/aanime-rising-codes#article","isPartOf":{"@id":"https:\/\/www.mobilegamer.com.br\/es\/aanime-rising-codes"},"author":{"name":"Dario Coutinho","@id":"https:\/\/www.mobilegamer.com.br\/es#\/schema\/person\/976e425f91280f39c07a955e8a789e24"},"headline":"C\u00f3digos para Anime Rising Codes &#8211; Junho 2023 &#8211; Roblox","datePublished":"2023-06-14T00:06:48+00:00","dateModified":"2023-06-14T00:07:41+00:00","mainEntityOfPage":{"@id":"https:\/\/www.mobilegamer.com.br\/es\/aanime-rising-codes"},"wordCount":297,"publisher":{"@id":"https:\/\/www.mobilegamer.com.br\/es#organization"},"image":{"@id":"https:\/\/www.mobilegamer.com.br\/es\/aanime-rising-codes#primaryimage"},"thumbnailUrl":"https:\/\/www.mobilegamer.com.br\/wp-content\/uploads\/2023\/06\/anime-rising.webp","inLanguage":"es"},{"@type":"WebPage","@id":"https:\/\/www.mobilegamer.com.br\/es\/aanime-rising-codes","url":"https:\/\/www.mobilegamer.com.br\/es\/aanime-rising-codes","name":"C\u00f3digos para Anime Rising Codes - Junho 2023 - Roblox","isPartOf":{"@id":"https:\/\/www.mobilegamer.com.br\/es#website"},"primaryImageOfPage":{"@id":"https:\/\/www.mobilegamer.com.br\/es\/aanime-rising-codes#primaryimage"},"image":{"@id":"https:\/\/www.mobilegamer.com.br\/es\/aanime-rising-codes#primaryimage"},"thumbnailUrl":"https:\/\/www.mobilegamer.com.br\/wp-content\/uploads\/2023\/06\/anime-rising.webp","datePublished":"2023-06-14T00:06:48+00:00","dateModified":"2023-06-14T00:07:41+00:00","description":"Conoce c\u00f3digos para usar en el juego Anime Rising y obtener recompensas como pociones e impulsos. Anime Rising es un juego de Roblox que re\u00fane a los","breadcrumb":{"@id":"https:\/\/www.mobilegamer.com.br\/es\/aanime-rising-codes#breadcrumb"},"inLanguage":"es","potentialAction":[{"@type":"ReadAction","target":["https:\/\/www.mobilegamer.com.br\/es\/aanime-rising-codes"]}]},{"@type":"ImageObject","inLanguage":"es","@id":"https:\/\/www.mobilegamer.com.br\/es\/aanime-rising-codes#primaryimage","url":"https:\/\/www.mobilegamer.com.br\/wp-content\/uploads\/2023\/06\/anime-rising.webp","contentUrl":"https:\/\/www.mobilegamer.com.br\/wp-content\/uploads\/2023\/06\/anime-rising.webp","width":800,"height":450},{"@type":"BreadcrumbList","@id":"https:\/\/www.mobilegamer.com.br\/es\/aanime-rising-codes#breadcrumb","itemListElement":[{"@type":"ListItem","position":1,"name":"In\u00edcio","item":"https:\/\/www.mobilegamer.com.br\/es"},{"@type":"ListItem","position":2,"name":"C\u00f3digos para Anime Rising Codes &#8211; Junho 2023 &#8211; Roblox"}]},{"@type":"WebSite","@id":"https:\/\/www.mobilegamer.com.br\/es#website","url":"https:\/\/www.mobilegamer.com.br\/es","name":"Mobile Gamer Brasil","description":"Site dedicado aos jogos de celular. Android e iOS. Descubra novos lan\u00e7amentos, os melhores jogos e reviews completos no Mobile Gamer Brasil.","publisher":{"@id":"https:\/\/www.mobilegamer.com.br\/es#organization"},"alternateName":"Mobile Gamer Brasil","potentialAction":[{"@type":"SearchAction","target":{"@type":"EntryPoint","urlTemplate":"https:\/\/www.mobilegamer.com.br\/es?s={search_term_string}"},"query-input":{"@type":"PropertyValueSpecification","valueRequired":true,"valueName":"search_term_string"}}],"inLanguage":"es"},{"@type":"Organization","@id":"https:\/\/www.mobilegamer.com.br\/es#organization","name":"Mobile Gamer Brasil","alternateName":"Mobile Gamer Brasil","url":"https:\/\/www.mobilegamer.com.br\/es","logo":{"@type":"ImageObject","inLanguage":"es","@id":"https:\/\/www.mobilegamer.com.br\/es#\/schema\/logo\/image\/","url":"https:\/\/www.mobilegamer.com.br\/wp-content\/uploads\/2026\/04\/cropped-logo-2026-mobilegamer.webp","contentUrl":"https:\/\/www.mobilegamer.com.br\/wp-content\/uploads\/2026\/04\/cropped-logo-2026-mobilegamer.webp","width":326,"height":60,"caption":"Mobile Gamer Brasil"},"image":{"@id":"https:\/\/www.mobilegamer.com.br\/es#\/schema\/logo\/image\/"},"sameAs":["https:\/\/www.facebook.com\/pages\/Mobile-Gamer-Brasil\/209172605804121","https:\/\/x.com\/mobilegamerbr","https:\/\/www.youtube.com\/user\/mobilegamervideos\/videos"]},{"@type":"Person","@id":"https:\/\/www.mobilegamer.com.br\/es#\/schema\/person\/976e425f91280f39c07a955e8a789e24","name":"Dario Coutinho","image":{"@type":"ImageObject","inLanguage":"es","@id":"https:\/\/secure.gravatar.com\/avatar\/2b9d2e92a3bb6c37c4896f7dea46b2ff54261a7713553663146826995fdf8495?s=96&d=mm&r=g","url":"https:\/\/secure.gravatar.com\/avatar\/2b9d2e92a3bb6c37c4896f7dea46b2ff54261a7713553663146826995fdf8495?s=96&d=mm&r=g","contentUrl":"https:\/\/secure.gravatar.com\/avatar\/2b9d2e92a3bb6c37c4896f7dea46b2ff54261a7713553663146826995fdf8495?s=96&d=mm&r=g","caption":"Dario Coutinho"},"description":"O \"Gamer de Celular\" Original. Criou um dos primeiros sites sobre jogos para celular em 2007, que viria a se tornar o Mobile Gamer Brasil em 2009. Formado em Ci\u00eancia da Computa\u00e7\u00e3o, escreve sobre tecnologia h\u00e1 mais de 16 anos. Com passagem por revistas de games (EGW, Arkade) e sites renomados como Techtudo. E-mail para contato: dario@mobilegamer.com.br","sameAs":["https:\/\/www.facebook.com\/dariojmcoutinho","https:\/\/www.linkedin.com\/in\/dario-jose-martins-coutinho-18511b46\/","https:\/\/x.com\/https:\/\/x.com\/GamerVelho","https:\/\/www.youtube.com\/dariocoutinho"],"url":"https:\/\/www.mobilegamer.com.br\/es\/author\/dariocoutinho"}]}},"_links":{"self":[{"href":"https:\/\/www.mobilegamer.com.br\/es\/wp-json\/wp\/v2\/pages\/113373","targetHints":{"allow":["GET"]}}],"collection":[{"href":"https:\/\/www.mobilegamer.com.br\/es\/wp-json\/wp\/v2\/pages"}],"about":[{"href":"https:\/\/www.mobilegamer.com.br\/es\/wp-json\/wp\/v2\/types\/page"}],"author":[{"embeddable":true,"href":"https:\/\/www.mobilegamer.com.br\/es\/wp-json\/wp\/v2\/users\/15"}],"replies":[{"embeddable":true,"href":"https:\/\/www.mobilegamer.com.br\/es\/wp-json\/wp\/v2\/comments?post=113373"}],"version-history":[{"count":2,"href":"https:\/\/www.mobilegamer.com.br\/es\/wp-json\/wp\/v2\/pages\/113373\/revisions"}],"predecessor-version":[{"id":113375,"href":"https:\/\/www.mobilegamer.com.br\/es\/wp-json\/wp\/v2\/pages\/113373\/revisions\/113375"}],"wp:featuredmedia":[{"embeddable":true,"href":"https:\/\/www.mobilegamer.com.br\/es\/wp-json\/wp\/v2\/media\/113370"}],"wp:attachment":[{"href":"https:\/\/www.mobilegamer.com.br\/es\/wp-json\/wp\/v2\/media?parent=113373"}],"wp:term":[{"taxonomy":"category","embeddable":true,"href":"https:\/\/www.mobilegamer.com.br\/es\/wp-json\/wp\/v2\/categories?post=113373"},{"taxonomy":"post_tag","embeddable":true,"href":"https:\/\/www.mobilegamer.com.br\/es\/wp-json\/wp\/v2\/tags?post=113373"}],"curies":[{"name":"wp","href":"https:\/\/api.w.org\/{rel}","templated":true}]}}